{"id":46,"date":"2020-07-14T10:16:42","date_gmt":"2020-07-14T08:16:42","guid":{"rendered":"http:\/\/epikinergy-chevallier.com\/?page_id=46"},"modified":"2020-09-01T16:30:48","modified_gmt":"2020-09-01T14:30:48","slug":"contact","status":"publish","type":"page","link":"https:\/\/epikinergy-chevallier.com\/index.php\/contact\/","title":{"rendered":"Contact"},"content":{"rendered":"\n<p>Vous pouvez me contacter au 07.71.84.41.96 ou par mail \u00e0 <a href=\"mailto:vincent.chevallier53@gmail.com\">vincent.chevallier53@gmail.com<\/a>. <\/p>\n\n\n\n<p>Pour tout renseignement, vous pouvez remplir ce formulaire et je vous r\u00e9pondrai d\u00e8s que possible.<\/p>\n\n\n\n<div class=\"wpcf7 no-js\" id=\"wpcf7-f140-o1\" lang=\"fr-FR\" dir=\"ltr\">\n<div class=\"screen-reader-response\"><p role=\"status\" aria-live=\"polite\" aria-atomic=\"true\"><\/p> <ul><\/ul><\/div>\n<form action=\"\/index.php\/wp-json\/wp\/v2\/pages\/46#wpcf7-f140-o1\" method=\"post\" class=\"wpcf7-form init\" aria-label=\"Formulaire de contact\" novalidate=\"novalidate\" data-status=\"init\">\n<div style=\"display: none;\">\n<input type=\"hidden\" name=\"_wpcf7\" value=\"140\" \/>\n<input type=\"hidden\" name=\"_wpcf7_version\" value=\"5.7.7\" \/>\n<input type=\"hidden\" name=\"_wpcf7_locale\" value=\"fr_FR\" \/>\n<input type=\"hidden\" name=\"_wpcf7_unit_tag\" value=\"wpcf7-f140-o1\" \/>\n<input type=\"hidden\" name=\"_wpcf7_container_post\" value=\"0\" \/>\n<input type=\"hidden\" name=\"_wpcf7_posted_data_hash\" value=\"\" \/>\n<input type=\"hidden\" name=\"_wpcf7_recaptcha_response\" value=\"\" \/>\n<\/div>\n<p><label> Votre nom (obligatoire)<br \/>\n<span class=\"wpcf7-form-control-wrap\" data-name=\"your-name\"><input size=\"40\" class=\"wpcf7-form-control wpcf7-text wpcf7-validates-as-required\" aria-required=\"true\" aria-invalid=\"false\" value=\"\" type=\"text\" name=\"your-name\" \/><\/span> <\/label>\n<\/p>\n<p><label> Votre adresse de messagerie (obligatoire)<br \/>\n<span class=\"wpcf7-form-control-wrap\" data-name=\"your-email\"><input size=\"40\" class=\"wpcf7-form-control wpcf7-text wpcf7-email wpcf7-validates-as-required wpcf7-validates-as-email\" aria-required=\"true\" aria-invalid=\"false\" value=\"\" type=\"email\" name=\"your-email\" \/><\/span> <\/label>\n<\/p>\n<p><label> Objet<br \/>\n<span class=\"wpcf7-form-control-wrap\" data-name=\"your-subject\"><input size=\"40\" class=\"wpcf7-form-control wpcf7-text\" aria-invalid=\"false\" value=\"\" type=\"text\" name=\"your-subject\" \/><\/span> <\/label>\n<\/p>\n<p><label> Votre message<br \/>\n<span class=\"wpcf7-form-control-wrap\" data-name=\"your-message\"><textarea cols=\"40\" rows=\"10\" class=\"wpcf7-form-control wpcf7-textarea\" aria-invalid=\"false\" name=\"your-message\"><\/textarea><\/span> <\/label><br \/>\n<span class=\"wpcf7-form-control-wrap recaptcha\" data-name=\"recaptcha\"><span data-sitekey=\"6LdwNcYZAAAAAPx7f-sX_ay-vR1XgCE5vsvS_n5Q\" class=\"wpcf7-form-control g-recaptcha wpcf7-recaptcha\"><\/span>\r\n<noscript>\r\n\t<div class=\"grecaptcha-noscript\">\r\n\t\t<iframe loading=\"lazy\" src=\"https:\/\/www.google.com\/recaptcha\/api\/fallback?k=6LdwNcYZAAAAAPx7f-sX_ay-vR1XgCE5vsvS_n5Q\" frameborder=\"0\" scrolling=\"no\" width=\"310\" height=\"430\">\r\n\t\t<\/iframe>\r\n\t\t<textarea name=\"g-recaptcha-response\" rows=\"3\" cols=\"40\" placeholder=\"reCaptcha Response Here\">\r\n\t\t<\/textarea>\r\n\t<\/div>\r\n<\/noscript>\r\n<\/span>\n<\/p>\n<p><input class=\"wpcf7-form-control has-spinner wpcf7-submit\" type=\"submit\" value=\"Envoyer\" \/>\n<\/p><div class=\"wpcf7-response-output\" aria-hidden=\"true\"><\/div>\n<\/form>\n<\/div>\n\n\n\n\n<p><\/p>\n","protected":false},"excerpt":{"rendered":"<p>Vous pouvez me contacter au 07.71.84.41.96 ou par mail \u00e0 vincent.chevallier53@gmail.com. Pour tout renseignement, vous pouvez remplir ce formulaire et je vous r\u00e9pondrai d\u00e8s que possible.<\/p>\n","protected":false},"author":1,"featured_media":0,"parent":0,"menu_order":0,"comment_status":"closed","ping_status":"closed","template":"","meta":{"_monsterinsights_skip_tracking":false,"_monsterinsights_sitenote_active":false,"_monsterinsights_sitenote_note":"","_monsterinsights_sitenote_category":0,"footnotes":""},"class_list":["post-46","page","type-page","status-publish","hentry"],"yoast_head":"<!-- This site is optimized with the Yoast SEO plugin v24.9 - https:\/\/yoast.com\/wordpress\/plugins\/seo\/ -->\n<title>Contact - Epikinergy-Chevallier<\/title>\n<meta name=\"robots\" content=\"index, follow, max-snippet:-1, max-image-preview:large, max-video-preview:-1\" \/>\n<link rel=\"canonical\" href=\"https:\/\/epikinergy-chevallier.com\/index.php\/contact\/\" \/>\n<meta property=\"og:locale\" content=\"fr_FR\" \/>\n<meta property=\"og:type\" content=\"article\" \/>\n<meta property=\"og:title\" content=\"Contact - Epikinergy-Chevallier\" \/>\n<meta property=\"og:description\" content=\"Vous pouvez me contacter au 07.71.84.41.96 ou par mail \u00e0 vincent.chevallier53@gmail.com. Pour tout renseignement, vous pouvez remplir ce formulaire et je vous r\u00e9pondrai d\u00e8s que possible.\" \/>\n<meta property=\"og:url\" content=\"https:\/\/epikinergy-chevallier.com\/index.php\/contact\/\" \/>\n<meta property=\"og:site_name\" content=\"Epikinergy-Chevallier\" \/>\n<meta property=\"article:modified_time\" content=\"2020-09-01T14:30:48+00:00\" \/>\n<meta name=\"twitter:card\" content=\"summary_large_image\" \/>\n<script type=\"application\/ld+json\" class=\"yoast-schema-graph\">{\"@context\":\"https:\/\/schema.org\",\"@graph\":[{\"@type\":\"WebPage\",\"@id\":\"https:\/\/epikinergy-chevallier.com\/index.php\/contact\/\",\"url\":\"https:\/\/epikinergy-chevallier.com\/index.php\/contact\/\",\"name\":\"Contact - Epikinergy-Chevallier\",\"isPartOf\":{\"@id\":\"https:\/\/epikinergy-chevallier.com\/#website\"},\"datePublished\":\"2020-07-14T08:16:42+00:00\",\"dateModified\":\"2020-09-01T14:30:48+00:00\",\"breadcrumb\":{\"@id\":\"https:\/\/epikinergy-chevallier.com\/index.php\/contact\/#breadcrumb\"},\"inLanguage\":\"fr-FR\",\"potentialAction\":[{\"@type\":\"ReadAction\",\"target\":[\"https:\/\/epikinergy-chevallier.com\/index.php\/contact\/\"]}]},{\"@type\":\"BreadcrumbList\",\"@id\":\"https:\/\/epikinergy-chevallier.com\/index.php\/contact\/#breadcrumb\",\"itemListElement\":[{\"@type\":\"ListItem\",\"position\":1,\"name\":\"Accueil\",\"item\":\"https:\/\/epikinergy-chevallier.com\/\"},{\"@type\":\"ListItem\",\"position\":2,\"name\":\"Contact\"}]},{\"@type\":\"WebSite\",\"@id\":\"https:\/\/epikinergy-chevallier.com\/#website\",\"url\":\"https:\/\/epikinergy-chevallier.com\/\",\"name\":\"Vincent Chevallier - epikinergy - 53\",\"description\":\"\",\"publisher\":{\"@id\":\"https:\/\/epikinergy-chevallier.com\/#\/schema\/person\/bd12a16cd805b5260f2932b6185b8ca7\"},\"potentialAction\":[{\"@type\":\"SearchAction\",\"target\":{\"@type\":\"EntryPoint\",\"urlTemplate\":\"https:\/\/epikinergy-chevallier.com\/?s={search_term_string}\"},\"query-input\":{\"@type\":\"PropertyValueSpecification\",\"valueRequired\":true,\"valueName\":\"search_term_string\"}}],\"inLanguage\":\"fr-FR\"},{\"@type\":[\"Person\",\"Organization\"],\"@id\":\"https:\/\/epikinergy-chevallier.com\/#\/schema\/person\/bd12a16cd805b5260f2932b6185b8ca7\",\"name\":\"admin8304\",\"image\":{\"@type\":\"ImageObject\",\"inLanguage\":\"fr-FR\",\"@id\":\"https:\/\/epikinergy-chevallier.com\/#\/schema\/person\/image\/\",\"url\":\"https:\/\/secure.gravatar.com\/avatar\/e289304c358fcf2e7bd45f21a4ffb39f2713608a30187c0d6d734f91a8bfe1eb?s=96&d=mm&r=g\",\"contentUrl\":\"https:\/\/secure.gravatar.com\/avatar\/e289304c358fcf2e7bd45f21a4ffb39f2713608a30187c0d6d734f91a8bfe1eb?s=96&d=mm&r=g\",\"caption\":\"admin8304\"},\"logo\":{\"@id\":\"https:\/\/epikinergy-chevallier.com\/#\/schema\/person\/image\/\"}}]}<\/script>\n<!-- \/ Yoast SEO plugin. -->","yoast_head_json":{"title":"Contact - Epikinergy-Chevallier","robots":{"index":"index","follow":"follow","max-snippet":"max-snippet:-1","max-image-preview":"max-image-preview:large","max-video-preview":"max-video-preview:-1"},"canonical":"https:\/\/epikinergy-chevallier.com\/index.php\/contact\/","og_locale":"fr_FR","og_type":"article","og_title":"Contact - Epikinergy-Chevallier","og_description":"Vous pouvez me contacter au 07.71.84.41.96 ou par mail \u00e0 vincent.chevallier53@gmail.com. Pour tout renseignement, vous pouvez remplir ce formulaire et je vous r\u00e9pondrai d\u00e8s que possible.","og_url":"https:\/\/epikinergy-chevallier.com\/index.php\/contact\/","og_site_name":"Epikinergy-Chevallier","article_modified_time":"2020-09-01T14:30:48+00:00","twitter_card":"summary_large_image","schema":{"@context":"https:\/\/schema.org","@graph":[{"@type":"WebPage","@id":"https:\/\/epikinergy-chevallier.com\/index.php\/contact\/","url":"https:\/\/epikinergy-chevallier.com\/index.php\/contact\/","name":"Contact - Epikinergy-Chevallier","isPartOf":{"@id":"https:\/\/epikinergy-chevallier.com\/#website"},"datePublished":"2020-07-14T08:16:42+00:00","dateModified":"2020-09-01T14:30:48+00:00","breadcrumb":{"@id":"https:\/\/epikinergy-chevallier.com\/index.php\/contact\/#breadcrumb"},"inLanguage":"fr-FR","potentialAction":[{"@type":"ReadAction","target":["https:\/\/epikinergy-chevallier.com\/index.php\/contact\/"]}]},{"@type":"BreadcrumbList","@id":"https:\/\/epikinergy-chevallier.com\/index.php\/contact\/#breadcrumb","itemListElement":[{"@type":"ListItem","position":1,"name":"Accueil","item":"https:\/\/epikinergy-chevallier.com\/"},{"@type":"ListItem","position":2,"name":"Contact"}]},{"@type":"WebSite","@id":"https:\/\/epikinergy-chevallier.com\/#website","url":"https:\/\/epikinergy-chevallier.com\/","name":"Vincent Chevallier - epikinergy - 53","description":"","publisher":{"@id":"https:\/\/epikinergy-chevallier.com\/#\/schema\/person\/bd12a16cd805b5260f2932b6185b8ca7"},"potentialAction":[{"@type":"SearchAction","target":{"@type":"EntryPoint","urlTemplate":"https:\/\/epikinergy-chevallier.com\/?s={search_term_string}"},"query-input":{"@type":"PropertyValueSpecification","valueRequired":true,"valueName":"search_term_string"}}],"inLanguage":"fr-FR"},{"@type":["Person","Organization"],"@id":"https:\/\/epikinergy-chevallier.com\/#\/schema\/person\/bd12a16cd805b5260f2932b6185b8ca7","name":"admin8304","image":{"@type":"ImageObject","inLanguage":"fr-FR","@id":"https:\/\/epikinergy-chevallier.com\/#\/schema\/person\/image\/","url":"https:\/\/secure.gravatar.com\/avatar\/e289304c358fcf2e7bd45f21a4ffb39f2713608a30187c0d6d734f91a8bfe1eb?s=96&d=mm&r=g","contentUrl":"https:\/\/secure.gravatar.com\/avatar\/e289304c358fcf2e7bd45f21a4ffb39f2713608a30187c0d6d734f91a8bfe1eb?s=96&d=mm&r=g","caption":"admin8304"},"logo":{"@id":"https:\/\/epikinergy-chevallier.com\/#\/schema\/person\/image\/"}}]}},"_links":{"self":[{"href":"https:\/\/epikinergy-chevallier.com\/index.php\/wp-json\/wp\/v2\/pages\/46","targetHints":{"allow":["GET"]}}],"collection":[{"href":"https:\/\/epikinergy-chevallier.com\/index.php\/wp-json\/wp\/v2\/pages"}],"about":[{"href":"https:\/\/epikinergy-chevallier.com\/index.php\/wp-json\/wp\/v2\/types\/page"}],"author":[{"embeddable":true,"href":"https:\/\/epikinergy-chevallier.com\/index.php\/wp-json\/wp\/v2\/users\/1"}],"replies":[{"embeddable":true,"href":"https:\/\/epikinergy-chevallier.com\/index.php\/wp-json\/wp\/v2\/comments?post=46"}],"version-history":[{"count":3,"href":"https:\/\/epikinergy-chevallier.com\/index.php\/wp-json\/wp\/v2\/pages\/46\/revisions"}],"predecessor-version":[{"id":161,"href":"https:\/\/epikinergy-chevallier.com\/index.php\/wp-json\/wp\/v2\/pages\/46\/revisions\/161"}],"wp:attachment":[{"href":"https:\/\/epikinergy-chevallier.com\/index.php\/wp-json\/wp\/v2\/media?parent=46"}],"curies":[{"name":"wp","href":"https:\/\/api.w.org\/{rel}","templated":true}]}}