{"id":42,"date":"2020-07-14T10:12:39","date_gmt":"2020-07-14T08:12:39","guid":{"rendered":"http:\/\/epikinergy-chevallier.com\/?page_id=42"},"modified":"2024-03-25T19:36:08","modified_gmt":"2024-03-25T18:36:08","slug":"accueil","status":"publish","type":"page","link":"https:\/\/epikinergy-chevallier.com\/","title":{"rendered":"Acceuil"},"content":{"rendered":"\r\n<p class=\"has-text-align-left has-medium-font-size\">\u00a0<\/p>\r\n\r\n\r\n\r\n<div class=\"wp-block-image\">\r\n<figure class=\"aligncenter size-large is-resized\"><img loading=\"lazy\" decoding=\"async\" class=\"wp-image-181 aligncenter\" src=\"http:\/\/epikinergy-chevallier.com\/wp-content\/uploads\/2020\/09\/Epikinergy-1024x730.jpg\" alt=\"\" width=\"499\" height=\"356\" srcset=\"https:\/\/epikinergy-chevallier.com\/wp-content\/uploads\/2020\/09\/Epikinergy-1024x730.jpg 1024w, https:\/\/epikinergy-chevallier.com\/wp-content\/uploads\/2020\/09\/Epikinergy-300x214.jpg 300w, https:\/\/epikinergy-chevallier.com\/wp-content\/uploads\/2020\/09\/Epikinergy-768x548.jpg 768w, https:\/\/epikinergy-chevallier.com\/wp-content\/uploads\/2020\/09\/Epikinergy-1536x1095.jpg 1536w, https:\/\/epikinergy-chevallier.com\/wp-content\/uploads\/2020\/09\/Epikinergy-1140x813.jpg 1140w, https:\/\/epikinergy-chevallier.com\/wp-content\/uploads\/2020\/09\/Epikinergy.jpg 2048w\" sizes=\"auto, (max-width: 499px) 100vw, 499px\" \/><\/figure>\r\n<\/div>\r\n\r\n\r\n\r\n<h2 class=\"wp-block-heading\">L&rsquo;Epikinergy en quelques mots<\/h2>\r\n\r\n\r\n\r\n<p>L&rsquo;<strong><span class=\"has-inline-color has-vivid-cyan-blue-color\">EP<\/span><\/strong>ig\u00e9n\u00e9tique, <strong><span class=\"has-inline-color has-vivid-cyan-blue-color\">KIN<\/span><\/strong>\u00e9siologie, \u00e9n<strong><span class=\"has-inline-color has-vivid-cyan-blue-color\">ERGY<\/span> <\/strong>est une technique permettant la lib\u00e9ration\u00a0des m\u00e9moires cellulaires en se fondant sur la g\u00e9n\u00e9tique, l\u2019\u00e9pig\u00e9n\u00e9tique,\u00a0le test musculaire de la kin\u00e9siologie et les soins \u00e9nerg\u00e9tiques. Le corps nous dirige vers ce qui va l\u2019aider \u00e0 int\u00e9grer le travail fait lors de la s\u00e9ance.\u00a0<\/p>\r\n\r\n\r\n\r\n<p><strong>\u00ab\u00a0En somme, tout est mis en \u0153uvre pour que la lib\u00e9ration cellulaire se passe de mani\u00e8re douce, agr\u00e9able et \u00e9volutive<\/strong>.\u00a0\u00bb<\/p>\r\n\r\n\r\n\r\n<h2 class=\"wp-block-heading\">D&rsquo;o\u00f9 vient l&rsquo;EPIKINERGY ?<\/h2>\r\n\r\n\r\n\r\n<p>La pratique Epikinergy a \u00e9t\u00e9 cr\u00e9e par Bruno Rouan, exer\u00e7ant depuis plus de 20 ans.<\/p>\r\n\r\n\r\n\r\n<p>Cette technique\u00a0prend racines et ancrage dans plusieurs disciplines. En effet, <strong>l\u2019\u00c9pikinergy<\/strong> est un m\u00e9lange de\u00a0<strong>Kin\u00e9siologie<\/strong>, de\u00a0<strong>MetaKineBiologie<\/strong>, de\u00a0<strong>D\u00e9codage Biologique<\/strong>, d\u2019<strong>Int\u00e9gration par les Mouvements Oculaires<\/strong>, de\u00a0<strong>soins \u00e9nerg\u00e9tiques<\/strong>\u00a0et de\u00a0<strong>Psychog\u00e9n\u00e9alogie<\/strong>. C\u2019est pourquoi, d\u00e8s la premi\u00e8re s\u00e9ance, nous travaillons \u00e0 partir de<strong>\u00a0l\u2019arbre g\u00e9n\u00e9alogique<\/strong> du consultant.<\/p>\r\n\r\n\r\n\r\n<h2 class=\"wp-block-heading\">A qui s&rsquo;adresse l&rsquo;Epikinergy\u00a0?<\/h2>\r\n\r\n\r\n\r\n<p>Chacun pourra se retrouver dans cette pratique. En effet, celle-ci permet de renouer avec son \u00ab\u00a0\u00eatre v\u00e9ritable\u00a0\u00bb et de vivre le meilleur de soi-m\u00eame. L&rsquo;Epikinergy vise le mieux \u00eatre et se d\u00e9finit comme un alli\u00e9 de poids dans le cadre du d\u00e9veloppement personnel. Cette pratique devient r\u00e9ellement une m\u00e9decine douce, \u00e9volutive et vous accompagne dans les th\u00e9matiques suivantes :<\/p>\r\n\r\n\r\n\r\n<ul class=\"wp-block-list\">\r\n<li>Besoin de s&rsquo;affirmer<\/li>\r\n<li>D\u00e9veloppement personnel<\/li>\r\n<li>Manque de confiance en soi<\/li>\r\n<li>Stress, Peur, Angoisse, Crainte, Culpabilit\u00e9<\/li>\r\n<li>Manque d\u2019\u00e9nergie physique ou mental<\/li>\r\n<li>Probl\u00e8me de m\u00e9moire ou de concentration<\/li>\r\n<li>\u00c9chec scolaire ou professionnel<\/li>\r\n<li>Lib\u00e9ration des sch\u00e9mas g\u00e9n\u00e9tique<\/li>\r\n<li>Vous lib\u00e9rer des traumas g\u00e9n\u00e9rationnels<\/li>\r\n<li>Besoin de se lib\u00e9rer du pass\u00e9, des histoires difficiles , deuil<\/li>\r\n<li>Sentiments de reproduire toujours les m\u00eame sch\u00e9mas<\/li>\r\n<li>Maladie auto immune (scl\u00e9rose en plaques , polyarthrite rhumato\u00efde&#8230;)<\/li>\r\n<li>Autisme<\/li>\r\n<li>Trouble du d\u00e9veloppement<\/li>\r\n<li>Liste non exhaustive&#8230;.<\/li>\r\n<\/ul>\r\n\r\n\r\n\r\n<div class=\"wp-block-group is-layout-flow wp-block-group-is-layout-flow\">\r\n<div class=\"wp-block-group__inner-container\">\u00a0<\/div>\r\n<\/div>\r\n\r\n\r\n\r\n<p>&nbsp;<\/p>\r\n","protected":false},"excerpt":{"rendered":"<p>\u00a0 L&rsquo;Epikinergy en quelques mots L&rsquo;EPig\u00e9n\u00e9tique, KIN\u00e9siologie, \u00e9nERGY est une technique permettant la lib\u00e9ration\u00a0des m\u00e9moires cellulaires en se fondant sur la g\u00e9n\u00e9tique, l\u2019\u00e9pig\u00e9n\u00e9tique,\u00a0le test musculaire de la kin\u00e9siologie et les soins \u00e9nerg\u00e9tiques. Le corps nous dirige vers ce qui va l\u2019aider \u00e0 int\u00e9grer le travail fait lors de la s\u00e9ance.\u00a0 \u00ab\u00a0En somme, tout est mis en \u0153uvre pour que la lib\u00e9ration cellulaire se passe de mani\u00e8re douce, agr\u00e9able et \u00e9volutive.\u00a0\u00bb D&rsquo;o\u00f9 vient l&rsquo;EPIKINERGY ? La pratique Epikinergy a \u00e9t\u00e9 cr\u00e9e par Bruno Rouan, exer\u00e7ant depuis plus de 20 ans. Cette technique\u00a0prend racines et ancrage dans plusieurs disciplines. En effet, l\u2019\u00c9pikinergy est un m\u00e9lange de\u00a0Kin\u00e9siologie, de\u00a0MetaKineBiologie, de\u00a0D\u00e9codage Biologique, d\u2019Int\u00e9gration par les Mouvements Oculaires, de\u00a0soins \u00e9nerg\u00e9tiques\u00a0et de\u00a0Psychog\u00e9n\u00e9alogie. C\u2019est pourquoi, d\u00e8s la premi\u00e8re s\u00e9ance, nous travaillons \u00e0 partir de\u00a0l\u2019arbre g\u00e9n\u00e9alogique du consultant. A qui s&rsquo;adresse l&rsquo;Epikinergy\u00a0? Chacun pourra se retrouver dans cette pratique. En effet, celle-ci permet de renouer avec son \u00ab\u00a0\u00eatre v\u00e9ritable\u00a0\u00bb et de vivre le meilleur de soi-m\u00eame. L&rsquo;Epikinergy vise le mieux \u00eatre et se d\u00e9finit comme un alli\u00e9 de poids dans le cadre du d\u00e9veloppement personnel. Cette pratique devient r\u00e9ellement une m\u00e9decine douce, \u00e9volutive et vous accompagne dans les th\u00e9matiques suivantes : Besoin de s&rsquo;affirmer D\u00e9veloppement personnel Manque de confiance en soi Stress, Peur, Angoisse, Crainte, Culpabilit\u00e9 Manque d\u2019\u00e9nergie physique ou mental Probl\u00e8me de m\u00e9moire ou de concentration \u00c9chec scolaire ou professionnel Lib\u00e9ration des sch\u00e9mas g\u00e9n\u00e9tique Vous lib\u00e9rer des traumas g\u00e9n\u00e9rationnels Besoin de se lib\u00e9rer du pass\u00e9, des histoires difficiles , deuil Sentiments de reproduire toujours les m\u00eame sch\u00e9mas Maladie auto immune (scl\u00e9rose en plaques , polyarthrite rhumato\u00efde&#8230;) Autisme Trouble du d\u00e9veloppement Liste non exhaustive&#8230;. \u00a0 &nbsp;<\/p>\n","protected":false},"author":1,"featured_media":0,"parent":0,"menu_order":0,"comment_status":"closed","ping_status":"closed","template":"","meta":{"_monsterinsights_skip_tracking":false,"_monsterinsights_sitenote_active":false,"_monsterinsights_sitenote_note":"","_monsterinsights_sitenote_category":0,"footnotes":""},"class_list":["post-42","page","type-page","status-publish","hentry"],"yoast_head":"<!-- This site is optimized with the Yoast SEO plugin v24.9 - https:\/\/yoast.com\/wordpress\/plugins\/seo\/ -->\n<title>Acceuil - Epikinergy-Chevallier<\/title>\n<meta name=\"robots\" content=\"index, follow, max-snippet:-1, max-image-preview:large, max-video-preview:-1\" \/>\n<link rel=\"canonical\" href=\"https:\/\/epikinergy-chevallier.com\/\" \/>\n<meta property=\"og:locale\" content=\"fr_FR\" \/>\n<meta property=\"og:type\" content=\"article\" \/>\n<meta property=\"og:title\" content=\"Acceuil - Epikinergy-Chevallier\" \/>\n<meta property=\"og:description\" content=\"\u00a0 L&rsquo;Epikinergy en quelques mots L&rsquo;EPig\u00e9n\u00e9tique, KIN\u00e9siologie, \u00e9nERGY est une technique permettant la lib\u00e9ration\u00a0des m\u00e9moires cellulaires en se fondant sur la g\u00e9n\u00e9tique, l\u2019\u00e9pig\u00e9n\u00e9tique,\u00a0le test musculaire de la kin\u00e9siologie et les soins \u00e9nerg\u00e9tiques. Le corps nous dirige vers ce qui va l\u2019aider \u00e0 int\u00e9grer le travail fait lors de la s\u00e9ance.\u00a0 \u00ab\u00a0En somme, tout est mis en \u0153uvre pour que la lib\u00e9ration cellulaire se passe de mani\u00e8re douce, agr\u00e9able et \u00e9volutive.\u00a0\u00bb D&rsquo;o\u00f9 vient l&rsquo;EPIKINERGY ? La pratique Epikinergy a \u00e9t\u00e9 cr\u00e9e par Bruno Rouan, exer\u00e7ant depuis plus de 20 ans. Cette technique\u00a0prend racines et ancrage dans plusieurs disciplines. En effet, l\u2019\u00c9pikinergy est un m\u00e9lange de\u00a0Kin\u00e9siologie, de\u00a0MetaKineBiologie, de\u00a0D\u00e9codage Biologique, d\u2019Int\u00e9gration par les Mouvements Oculaires, de\u00a0soins \u00e9nerg\u00e9tiques\u00a0et de\u00a0Psychog\u00e9n\u00e9alogie. C\u2019est pourquoi, d\u00e8s la premi\u00e8re s\u00e9ance, nous travaillons \u00e0 partir de\u00a0l\u2019arbre g\u00e9n\u00e9alogique du consultant. A qui s&rsquo;adresse l&rsquo;Epikinergy\u00a0? Chacun pourra se retrouver dans cette pratique. En effet, celle-ci permet de renouer avec son \u00ab\u00a0\u00eatre v\u00e9ritable\u00a0\u00bb et de vivre le meilleur de soi-m\u00eame. L&rsquo;Epikinergy vise le mieux \u00eatre et se d\u00e9finit comme un alli\u00e9 de poids dans le cadre du d\u00e9veloppement personnel. Cette pratique devient r\u00e9ellement une m\u00e9decine douce, \u00e9volutive et vous accompagne dans les th\u00e9matiques suivantes : Besoin de s&rsquo;affirmer D\u00e9veloppement personnel Manque de confiance en soi Stress, Peur, Angoisse, Crainte, Culpabilit\u00e9 Manque d\u2019\u00e9nergie physique ou mental Probl\u00e8me de m\u00e9moire ou de concentration \u00c9chec scolaire ou professionnel Lib\u00e9ration des sch\u00e9mas g\u00e9n\u00e9tique Vous lib\u00e9rer des traumas g\u00e9n\u00e9rationnels Besoin de se lib\u00e9rer du pass\u00e9, des histoires difficiles , deuil Sentiments de reproduire toujours les m\u00eame sch\u00e9mas Maladie auto immune (scl\u00e9rose en plaques , polyarthrite rhumato\u00efde&#8230;) Autisme Trouble du d\u00e9veloppement Liste non exhaustive&#8230;. \u00a0 &nbsp;\" \/>\n<meta property=\"og:url\" content=\"https:\/\/epikinergy-chevallier.com\/\" \/>\n<meta property=\"og:site_name\" content=\"Epikinergy-Chevallier\" \/>\n<meta property=\"article:modified_time\" content=\"2024-03-25T18:36:08+00:00\" \/>\n<meta property=\"og:image\" content=\"http:\/\/epikinergy-chevallier.com\/wp-content\/uploads\/2020\/09\/Epikinergy-1024x730.jpg\" \/>\n<meta name=\"twitter:card\" content=\"summary_large_image\" \/>\n<meta name=\"twitter:label1\" content=\"Dur\u00e9e de lecture estim\u00e9e\" \/>\n\t<meta name=\"twitter:data1\" content=\"2 minutes\" \/>\n<script type=\"application\/ld+json\" class=\"yoast-schema-graph\">{\"@context\":\"https:\/\/schema.org\",\"@graph\":[{\"@type\":\"WebPage\",\"@id\":\"https:\/\/epikinergy-chevallier.com\/\",\"url\":\"https:\/\/epikinergy-chevallier.com\/\",\"name\":\"Acceuil - Epikinergy-Chevallier\",\"isPartOf\":{\"@id\":\"https:\/\/epikinergy-chevallier.com\/#website\"},\"primaryImageOfPage\":{\"@id\":\"https:\/\/epikinergy-chevallier.com\/#primaryimage\"},\"image\":{\"@id\":\"https:\/\/epikinergy-chevallier.com\/#primaryimage\"},\"thumbnailUrl\":\"http:\/\/epikinergy-chevallier.com\/wp-content\/uploads\/2020\/09\/Epikinergy-1024x730.jpg\",\"datePublished\":\"2020-07-14T08:12:39+00:00\",\"dateModified\":\"2024-03-25T18:36:08+00:00\",\"breadcrumb\":{\"@id\":\"https:\/\/epikinergy-chevallier.com\/#breadcrumb\"},\"inLanguage\":\"fr-FR\",\"potentialAction\":[{\"@type\":\"ReadAction\",\"target\":[\"https:\/\/epikinergy-chevallier.com\/\"]}]},{\"@type\":\"ImageObject\",\"inLanguage\":\"fr-FR\",\"@id\":\"https:\/\/epikinergy-chevallier.com\/#primaryimage\",\"url\":\"http:\/\/epikinergy-chevallier.com\/wp-content\/uploads\/2020\/09\/Epikinergy-1024x730.jpg\",\"contentUrl\":\"http:\/\/epikinergy-chevallier.com\/wp-content\/uploads\/2020\/09\/Epikinergy-1024x730.jpg\"},{\"@type\":\"BreadcrumbList\",\"@id\":\"https:\/\/epikinergy-chevallier.com\/#breadcrumb\",\"itemListElement\":[{\"@type\":\"ListItem\",\"position\":1,\"name\":\"Accueil\",\"item\":\"https:\/\/epikinergy-chevallier.com\/\"},{\"@type\":\"ListItem\",\"position\":2,\"name\":\"Acceuil\"}]},{\"@type\":\"WebSite\",\"@id\":\"https:\/\/epikinergy-chevallier.com\/#website\",\"url\":\"https:\/\/epikinergy-chevallier.com\/\",\"name\":\"Vincent Chevallier - epikinergy - 53\",\"description\":\"\",\"publisher\":{\"@id\":\"https:\/\/epikinergy-chevallier.com\/#\/schema\/person\/bd12a16cd805b5260f2932b6185b8ca7\"},\"potentialAction\":[{\"@type\":\"SearchAction\",\"target\":{\"@type\":\"EntryPoint\",\"urlTemplate\":\"https:\/\/epikinergy-chevallier.com\/?s={search_term_string}\"},\"query-input\":{\"@type\":\"PropertyValueSpecification\",\"valueRequired\":true,\"valueName\":\"search_term_string\"}}],\"inLanguage\":\"fr-FR\"},{\"@type\":[\"Person\",\"Organization\"],\"@id\":\"https:\/\/epikinergy-chevallier.com\/#\/schema\/person\/bd12a16cd805b5260f2932b6185b8ca7\",\"name\":\"admin8304\",\"image\":{\"@type\":\"ImageObject\",\"inLanguage\":\"fr-FR\",\"@id\":\"https:\/\/epikinergy-chevallier.com\/#\/schema\/person\/image\/\",\"url\":\"https:\/\/secure.gravatar.com\/avatar\/e289304c358fcf2e7bd45f21a4ffb39f2713608a30187c0d6d734f91a8bfe1eb?s=96&d=mm&r=g\",\"contentUrl\":\"https:\/\/secure.gravatar.com\/avatar\/e289304c358fcf2e7bd45f21a4ffb39f2713608a30187c0d6d734f91a8bfe1eb?s=96&d=mm&r=g\",\"caption\":\"admin8304\"},\"logo\":{\"@id\":\"https:\/\/epikinergy-chevallier.com\/#\/schema\/person\/image\/\"}}]}<\/script>\n<!-- \/ Yoast SEO plugin. -->","yoast_head_json":{"title":"Acceuil - Epikinergy-Chevallier","robots":{"index":"index","follow":"follow","max-snippet":"max-snippet:-1","max-image-preview":"max-image-preview:large","max-video-preview":"max-video-preview:-1"},"canonical":"https:\/\/epikinergy-chevallier.com\/","og_locale":"fr_FR","og_type":"article","og_title":"Acceuil - Epikinergy-Chevallier","og_description":"\u00a0 L&rsquo;Epikinergy en quelques mots L&rsquo;EPig\u00e9n\u00e9tique, KIN\u00e9siologie, \u00e9nERGY est une technique permettant la lib\u00e9ration\u00a0des m\u00e9moires cellulaires en se fondant sur la g\u00e9n\u00e9tique, l\u2019\u00e9pig\u00e9n\u00e9tique,\u00a0le test musculaire de la kin\u00e9siologie et les soins \u00e9nerg\u00e9tiques. Le corps nous dirige vers ce qui va l\u2019aider \u00e0 int\u00e9grer le travail fait lors de la s\u00e9ance.\u00a0 \u00ab\u00a0En somme, tout est mis en \u0153uvre pour que la lib\u00e9ration cellulaire se passe de mani\u00e8re douce, agr\u00e9able et \u00e9volutive.\u00a0\u00bb D&rsquo;o\u00f9 vient l&rsquo;EPIKINERGY ? La pratique Epikinergy a \u00e9t\u00e9 cr\u00e9e par Bruno Rouan, exer\u00e7ant depuis plus de 20 ans. Cette technique\u00a0prend racines et ancrage dans plusieurs disciplines. En effet, l\u2019\u00c9pikinergy est un m\u00e9lange de\u00a0Kin\u00e9siologie, de\u00a0MetaKineBiologie, de\u00a0D\u00e9codage Biologique, d\u2019Int\u00e9gration par les Mouvements Oculaires, de\u00a0soins \u00e9nerg\u00e9tiques\u00a0et de\u00a0Psychog\u00e9n\u00e9alogie. C\u2019est pourquoi, d\u00e8s la premi\u00e8re s\u00e9ance, nous travaillons \u00e0 partir de\u00a0l\u2019arbre g\u00e9n\u00e9alogique du consultant. A qui s&rsquo;adresse l&rsquo;Epikinergy\u00a0? Chacun pourra se retrouver dans cette pratique. En effet, celle-ci permet de renouer avec son \u00ab\u00a0\u00eatre v\u00e9ritable\u00a0\u00bb et de vivre le meilleur de soi-m\u00eame. L&rsquo;Epikinergy vise le mieux \u00eatre et se d\u00e9finit comme un alli\u00e9 de poids dans le cadre du d\u00e9veloppement personnel. Cette pratique devient r\u00e9ellement une m\u00e9decine douce, \u00e9volutive et vous accompagne dans les th\u00e9matiques suivantes : Besoin de s&rsquo;affirmer D\u00e9veloppement personnel Manque de confiance en soi Stress, Peur, Angoisse, Crainte, Culpabilit\u00e9 Manque d\u2019\u00e9nergie physique ou mental Probl\u00e8me de m\u00e9moire ou de concentration \u00c9chec scolaire ou professionnel Lib\u00e9ration des sch\u00e9mas g\u00e9n\u00e9tique Vous lib\u00e9rer des traumas g\u00e9n\u00e9rationnels Besoin de se lib\u00e9rer du pass\u00e9, des histoires difficiles , deuil Sentiments de reproduire toujours les m\u00eame sch\u00e9mas Maladie auto immune (scl\u00e9rose en plaques , polyarthrite rhumato\u00efde&#8230;) Autisme Trouble du d\u00e9veloppement Liste non exhaustive&#8230;. \u00a0 &nbsp;","og_url":"https:\/\/epikinergy-chevallier.com\/","og_site_name":"Epikinergy-Chevallier","article_modified_time":"2024-03-25T18:36:08+00:00","og_image":[{"url":"http:\/\/epikinergy-chevallier.com\/wp-content\/uploads\/2020\/09\/Epikinergy-1024x730.jpg","type":"","width":"","height":""}],"twitter_card":"summary_large_image","twitter_misc":{"Dur\u00e9e de lecture estim\u00e9e":"2 minutes"},"schema":{"@context":"https:\/\/schema.org","@graph":[{"@type":"WebPage","@id":"https:\/\/epikinergy-chevallier.com\/","url":"https:\/\/epikinergy-chevallier.com\/","name":"Acceuil - Epikinergy-Chevallier","isPartOf":{"@id":"https:\/\/epikinergy-chevallier.com\/#website"},"primaryImageOfPage":{"@id":"https:\/\/epikinergy-chevallier.com\/#primaryimage"},"image":{"@id":"https:\/\/epikinergy-chevallier.com\/#primaryimage"},"thumbnailUrl":"http:\/\/epikinergy-chevallier.com\/wp-content\/uploads\/2020\/09\/Epikinergy-1024x730.jpg","datePublished":"2020-07-14T08:12:39+00:00","dateModified":"2024-03-25T18:36:08+00:00","breadcrumb":{"@id":"https:\/\/epikinergy-chevallier.com\/#breadcrumb"},"inLanguage":"fr-FR","potentialAction":[{"@type":"ReadAction","target":["https:\/\/epikinergy-chevallier.com\/"]}]},{"@type":"ImageObject","inLanguage":"fr-FR","@id":"https:\/\/epikinergy-chevallier.com\/#primaryimage","url":"http:\/\/epikinergy-chevallier.com\/wp-content\/uploads\/2020\/09\/Epikinergy-1024x730.jpg","contentUrl":"http:\/\/epikinergy-chevallier.com\/wp-content\/uploads\/2020\/09\/Epikinergy-1024x730.jpg"},{"@type":"BreadcrumbList","@id":"https:\/\/epikinergy-chevallier.com\/#breadcrumb","itemListElement":[{"@type":"ListItem","position":1,"name":"Accueil","item":"https:\/\/epikinergy-chevallier.com\/"},{"@type":"ListItem","position":2,"name":"Acceuil"}]},{"@type":"WebSite","@id":"https:\/\/epikinergy-chevallier.com\/#website","url":"https:\/\/epikinergy-chevallier.com\/","name":"Vincent Chevallier - epikinergy - 53","description":"","publisher":{"@id":"https:\/\/epikinergy-chevallier.com\/#\/schema\/person\/bd12a16cd805b5260f2932b6185b8ca7"},"potentialAction":[{"@type":"SearchAction","target":{"@type":"EntryPoint","urlTemplate":"https:\/\/epikinergy-chevallier.com\/?s={search_term_string}"},"query-input":{"@type":"PropertyValueSpecification","valueRequired":true,"valueName":"search_term_string"}}],"inLanguage":"fr-FR"},{"@type":["Person","Organization"],"@id":"https:\/\/epikinergy-chevallier.com\/#\/schema\/person\/bd12a16cd805b5260f2932b6185b8ca7","name":"admin8304","image":{"@type":"ImageObject","inLanguage":"fr-FR","@id":"https:\/\/epikinergy-chevallier.com\/#\/schema\/person\/image\/","url":"https:\/\/secure.gravatar.com\/avatar\/e289304c358fcf2e7bd45f21a4ffb39f2713608a30187c0d6d734f91a8bfe1eb?s=96&d=mm&r=g","contentUrl":"https:\/\/secure.gravatar.com\/avatar\/e289304c358fcf2e7bd45f21a4ffb39f2713608a30187c0d6d734f91a8bfe1eb?s=96&d=mm&r=g","caption":"admin8304"},"logo":{"@id":"https:\/\/epikinergy-chevallier.com\/#\/schema\/person\/image\/"}}]}},"_links":{"self":[{"href":"https:\/\/epikinergy-chevallier.com\/index.php\/wp-json\/wp\/v2\/pages\/42","targetHints":{"allow":["GET"]}}],"collection":[{"href":"https:\/\/epikinergy-chevallier.com\/index.php\/wp-json\/wp\/v2\/pages"}],"about":[{"href":"https:\/\/epikinergy-chevallier.com\/index.php\/wp-json\/wp\/v2\/types\/page"}],"author":[{"embeddable":true,"href":"https:\/\/epikinergy-chevallier.com\/index.php\/wp-json\/wp\/v2\/users\/1"}],"replies":[{"embeddable":true,"href":"https:\/\/epikinergy-chevallier.com\/index.php\/wp-json\/wp\/v2\/comments?post=42"}],"version-history":[{"count":36,"href":"https:\/\/epikinergy-chevallier.com\/index.php\/wp-json\/wp\/v2\/pages\/42\/revisions"}],"predecessor-version":[{"id":265,"href":"https:\/\/epikinergy-chevallier.com\/index.php\/wp-json\/wp\/v2\/pages\/42\/revisions\/265"}],"wp:attachment":[{"href":"https:\/\/epikinergy-chevallier.com\/index.php\/wp-json\/wp\/v2\/media?parent=42"}],"curies":[{"name":"wp","href":"https:\/\/api.w.org\/{rel}","templated":true}]}}