{"id":38,"date":"2020-05-18T17:34:31","date_gmt":"2020-05-18T15:34:31","guid":{"rendered":"http:\/\/epikinergy-chevallier.com\/?page_id=38"},"modified":"2020-09-01T16:03:09","modified_gmt":"2020-09-01T14:03:09","slug":"de-lepikinergy-memoires-cellulaires-et-kinesiologie","status":"publish","type":"page","link":"https:\/\/epikinergy-chevallier.com\/index.php\/de-lepikinergy-memoires-cellulaires-et-kinesiologie\/","title":{"rendered":"l&rsquo;Epikinergy, lib\u00e9ration des m\u00e9moires cellulaires"},"content":{"rendered":"\n<p><\/p>\n\n\n\n<h2 class=\"wp-block-heading\"><\/h2>\n\n\n\n<h4 class=\"wp-block-heading\">Pour comprendre cette technique il faut au pr\u00e9alable int\u00e9grer la notion du g\u00e9n\u00e9tique et \u00e9pig\u00e9n\u00e9tique.<\/h4>\n\n\n\n<p><strong>Les principes de bases de la g\u00e9n\u00e9tique<\/strong> : chacune de nos cellules renferme des chromosomes (transmis pour moiti\u00e9 par chacun de nos parents), compos\u00e9s par l&rsquo;entortillement de tr\u00e8s longues cha\u00eenes d&rsquo;ADN autour de petites prot\u00e9ines; ces cha\u00eenes d&rsquo;ADN sont une collection de s\u00e9quences de mol\u00e9cules, dont une part importante sert de \u00ab\u00a0mod\u00e8le\u00a0\u00bb ou de \u00ab\u00a0cahier d&rsquo;instructions\u00a0\u00bb pour la synth\u00e8se de prot\u00e9ines. <br>Ces s\u00e9quences sont en fait les fameux g\u00e8nes.<br>Mais pour qu&rsquo;un g\u00e8ne s&rsquo;exprime (en d&rsquo;autres termes : pour qu&rsquo;il serve effectivement de mod\u00e8le, et soit transcrit), il faut qu&rsquo;il soit lu. A cette fin, il est n\u00e9cessaire que le segment particulier de la cha\u00eene d&rsquo;ADN qui porte ce message se d\u00e9roule. Or, les m\u00e9canismes qui gouvernent le d\u00e9roulement, la lecture, la dur\u00e9e de transcription des g\u00e8nes, sont influenc\u00e9s par l&rsquo;environnement, ou l&rsquo;histoire individuelle : Joie, espoir, peur, angoisse, tristesse.. <br><br>Des perturbations chimiques environnementales, des instructions envoy\u00e9es par le cerveau ou par le syst\u00e8me hormonal, vont influencer dans une proportion non n\u00e9gligeable l&rsquo;expression des g\u00e8nes on appelle cela \u00e9pig\u00e9n\u00e9tique .Cette th\u00e9rapie \u00e0 l\u2019\u00e9coute du corps (epikinergy) est bas\u00e9e sur une technique nomm\u00e9e kin\u00e9siologie. Son principal outil est le test musculaire qui permet par le biais d\u2019une pression au niveau du bras (muscle delto\u00efde), d\u2019informer sur l\u2019existence d\u2019un stress, d\u2019un blocage ou d\u2019un besoin. <\/p>\n\n\n\n<p>Ce test musculaire permet de faire des demandes et de s&rsquo;adresser au corps de la personne car ce dernier est un r\u00e9v\u00e9lateur d&rsquo;exp\u00e9riences. Si certaines d&rsquo;entre elles ont \u00e9t\u00e9 marquantes et nous emp\u00eachent d&rsquo;exprimer qui nous sommes v\u00e9ritablement, de r\u00e9aliser pleinement notre pr\u00e9sent, l&rsquo;aide de l&rsquo;Epikinergy est pr\u00e9cieuse. En effet, cette m\u00e9decine douce permet d&rsquo;acc\u00e9der \u00e0 nos limites (blocages, m\u00e9moires, sabotages, blessures&#8230;) pour les d\u00e9livrer avec bienveillance.  La personne s&rsquo;engage alors dans un processus de transformation puisqu&rsquo;elle se d\u00e9lie de n\u0153uds, de peurs, de souffrances enfouies&#8230; Gr\u00e2ce \u00e0 un travail d&rsquo;apprentissage et un travail \u00e9nerg\u00e9tique, cette lib\u00e9ration laisse place \u00e0 l&rsquo;essentiel de l&rsquo;\u00eatre: une plus grande confiance en ses ressources int\u00e9rieures, une d\u00e9couverte de son potentiel, un champ de possibilit\u00e9s infini et une profonde connexion au Soi pour vivre le meilleur de soi-m\u00eame.<\/p>\n\n\n\n<hr class=\"wp-block-separator\"\/>\n\n\n\n<div class=\"wp-block-image\"><figure class=\"aligncenter size-large\"><img loading=\"lazy\" decoding=\"async\" width=\"1024\" height=\"620\" src=\"http:\/\/epikinergy-chevallier.com\/wp-content\/uploads\/2020\/05\/freedom-3993898_1920-1-1024x620.jpg\" alt=\"\" class=\"wp-image-35\" srcset=\"https:\/\/epikinergy-chevallier.com\/wp-content\/uploads\/2020\/05\/freedom-3993898_1920-1-1024x620.jpg 1024w, https:\/\/epikinergy-chevallier.com\/wp-content\/uploads\/2020\/05\/freedom-3993898_1920-1-300x182.jpg 300w, https:\/\/epikinergy-chevallier.com\/wp-content\/uploads\/2020\/05\/freedom-3993898_1920-1-768x465.jpg 768w, https:\/\/epikinergy-chevallier.com\/wp-content\/uploads\/2020\/05\/freedom-3993898_1920-1-1536x930.jpg 1536w, https:\/\/epikinergy-chevallier.com\/wp-content\/uploads\/2020\/05\/freedom-3993898_1920-1.jpg 1920w\" sizes=\"auto, (max-width: 1024px) 100vw, 1024px\" \/><\/figure><\/div>\n","protected":false},"excerpt":{"rendered":"<p>Pour comprendre cette technique il faut au pr\u00e9alable int\u00e9grer la notion du g\u00e9n\u00e9tique et \u00e9pig\u00e9n\u00e9tique. Les principes de bases de la g\u00e9n\u00e9tique : chacune de nos cellules renferme des chromosomes (transmis pour moiti\u00e9 par chacun de nos parents), compos\u00e9s par l&rsquo;entortillement de tr\u00e8s longues cha\u00eenes d&rsquo;ADN autour de petites prot\u00e9ines; ces cha\u00eenes d&rsquo;ADN sont une collection de s\u00e9quences de mol\u00e9cules, dont une part importante sert de \u00ab\u00a0mod\u00e8le\u00a0\u00bb ou de \u00ab\u00a0cahier d&rsquo;instructions\u00a0\u00bb pour la synth\u00e8se de prot\u00e9ines. Ces s\u00e9quences sont en fait les fameux g\u00e8nes.Mais pour qu&rsquo;un g\u00e8ne s&rsquo;exprime (en d&rsquo;autres termes : pour qu&rsquo;il serve effectivement de mod\u00e8le, et soit transcrit), il faut qu&rsquo;il soit lu. A cette fin, il est n\u00e9cessaire que le segment particulier de la cha\u00eene d&rsquo;ADN qui porte ce message se d\u00e9roule. Or, les m\u00e9canismes qui gouvernent le d\u00e9roulement, la lecture, la dur\u00e9e de transcription des g\u00e8nes, sont influenc\u00e9s par l&rsquo;environnement, ou l&rsquo;histoire individuelle : Joie, espoir, peur, angoisse, tristesse.. Des perturbations chimiques environnementales, des instructions envoy\u00e9es par le cerveau ou par le syst\u00e8me hormonal, vont influencer dans une proportion non n\u00e9gligeable l&rsquo;expression des g\u00e8nes on appelle cela \u00e9pig\u00e9n\u00e9tique .Cette th\u00e9rapie \u00e0 l\u2019\u00e9coute du corps (epikinergy) est bas\u00e9e sur une technique nomm\u00e9e kin\u00e9siologie. Son principal outil est le test musculaire qui permet par le biais d\u2019une pression au niveau du bras (muscle delto\u00efde), d\u2019informer sur l\u2019existence d\u2019un stress, d\u2019un blocage ou d\u2019un besoin. Ce test musculaire permet de faire des demandes et de s&rsquo;adresser au corps de la personne car ce dernier est un r\u00e9v\u00e9lateur d&rsquo;exp\u00e9riences. Si certaines d&rsquo;entre elles ont \u00e9t\u00e9 marquantes et nous emp\u00eachent d&rsquo;exprimer qui nous sommes v\u00e9ritablement, de r\u00e9aliser pleinement notre pr\u00e9sent, l&rsquo;aide de l&rsquo;Epikinergy est pr\u00e9cieuse. En effet, cette m\u00e9decine douce permet d&rsquo;acc\u00e9der \u00e0 nos limites (blocages, m\u00e9moires, sabotages, blessures&#8230;) pour les d\u00e9livrer avec bienveillance. La personne s&rsquo;engage alors dans un processus de transformation puisqu&rsquo;elle se d\u00e9lie de n\u0153uds, de peurs, de souffrances enfouies&#8230; Gr\u00e2ce \u00e0 un travail d&rsquo;apprentissage et un travail \u00e9nerg\u00e9tique, cette lib\u00e9ration laisse place \u00e0 l&rsquo;essentiel de l&rsquo;\u00eatre: une plus grande confiance en ses ressources int\u00e9rieures, une d\u00e9couverte de son potentiel, un champ de possibilit\u00e9s infini et une profonde connexion au Soi pour vivre le meilleur de soi-m\u00eame.<\/p>\n","protected":false},"author":1,"featured_media":0,"parent":0,"menu_order":0,"comment_status":"closed","ping_status":"closed","template":"","meta":{"_monsterinsights_skip_tracking":false,"_monsterinsights_sitenote_active":false,"_monsterinsights_sitenote_note":"","_monsterinsights_sitenote_category":0,"footnotes":""},"class_list":["post-38","page","type-page","status-publish","hentry"],"yoast_head":"<!-- This site is optimized with the Yoast SEO plugin v24.9 - https:\/\/yoast.com\/wordpress\/plugins\/seo\/ -->\n<title>l&#039;Epikinergy, lib\u00e9ration des m\u00e9moires cellulaires - Epikinergy-Chevallier<\/title>\n<meta name=\"robots\" content=\"index, follow, max-snippet:-1, max-image-preview:large, max-video-preview:-1\" \/>\n<link rel=\"canonical\" href=\"https:\/\/epikinergy-chevallier.com\/index.php\/de-lepikinergy-memoires-cellulaires-et-kinesiologie\/\" \/>\n<meta property=\"og:locale\" content=\"fr_FR\" \/>\n<meta property=\"og:type\" content=\"article\" \/>\n<meta property=\"og:title\" content=\"l&#039;Epikinergy, lib\u00e9ration des m\u00e9moires cellulaires - Epikinergy-Chevallier\" \/>\n<meta property=\"og:description\" content=\"Pour comprendre cette technique il faut au pr\u00e9alable int\u00e9grer la notion du g\u00e9n\u00e9tique et \u00e9pig\u00e9n\u00e9tique. Les principes de bases de la g\u00e9n\u00e9tique : chacune de nos cellules renferme des chromosomes (transmis pour moiti\u00e9 par chacun de nos parents), compos\u00e9s par l&rsquo;entortillement de tr\u00e8s longues cha\u00eenes d&rsquo;ADN autour de petites prot\u00e9ines; ces cha\u00eenes d&rsquo;ADN sont une collection de s\u00e9quences de mol\u00e9cules, dont une part importante sert de \u00ab\u00a0mod\u00e8le\u00a0\u00bb ou de \u00ab\u00a0cahier d&rsquo;instructions\u00a0\u00bb pour la synth\u00e8se de prot\u00e9ines. Ces s\u00e9quences sont en fait les fameux g\u00e8nes.Mais pour qu&rsquo;un g\u00e8ne s&rsquo;exprime (en d&rsquo;autres termes : pour qu&rsquo;il serve effectivement de mod\u00e8le, et soit transcrit), il faut qu&rsquo;il soit lu. A cette fin, il est n\u00e9cessaire que le segment particulier de la cha\u00eene d&rsquo;ADN qui porte ce message se d\u00e9roule. Or, les m\u00e9canismes qui gouvernent le d\u00e9roulement, la lecture, la dur\u00e9e de transcription des g\u00e8nes, sont influenc\u00e9s par l&rsquo;environnement, ou l&rsquo;histoire individuelle : Joie, espoir, peur, angoisse, tristesse.. Des perturbations chimiques environnementales, des instructions envoy\u00e9es par le cerveau ou par le syst\u00e8me hormonal, vont influencer dans une proportion non n\u00e9gligeable l&rsquo;expression des g\u00e8nes on appelle cela \u00e9pig\u00e9n\u00e9tique .Cette th\u00e9rapie \u00e0 l\u2019\u00e9coute du corps (epikinergy) est bas\u00e9e sur une technique nomm\u00e9e kin\u00e9siologie. Son principal outil est le test musculaire qui permet par le biais d\u2019une pression au niveau du bras (muscle delto\u00efde), d\u2019informer sur l\u2019existence d\u2019un stress, d\u2019un blocage ou d\u2019un besoin. Ce test musculaire permet de faire des demandes et de s&rsquo;adresser au corps de la personne car ce dernier est un r\u00e9v\u00e9lateur d&rsquo;exp\u00e9riences. Si certaines d&rsquo;entre elles ont \u00e9t\u00e9 marquantes et nous emp\u00eachent d&rsquo;exprimer qui nous sommes v\u00e9ritablement, de r\u00e9aliser pleinement notre pr\u00e9sent, l&rsquo;aide de l&rsquo;Epikinergy est pr\u00e9cieuse. En effet, cette m\u00e9decine douce permet d&rsquo;acc\u00e9der \u00e0 nos limites (blocages, m\u00e9moires, sabotages, blessures&#8230;) pour les d\u00e9livrer avec bienveillance. La personne s&rsquo;engage alors dans un processus de transformation puisqu&rsquo;elle se d\u00e9lie de n\u0153uds, de peurs, de souffrances enfouies&#8230; Gr\u00e2ce \u00e0 un travail d&rsquo;apprentissage et un travail \u00e9nerg\u00e9tique, cette lib\u00e9ration laisse place \u00e0 l&rsquo;essentiel de l&rsquo;\u00eatre: une plus grande confiance en ses ressources int\u00e9rieures, une d\u00e9couverte de son potentiel, un champ de possibilit\u00e9s infini et une profonde connexion au Soi pour vivre le meilleur de soi-m\u00eame.\" \/>\n<meta property=\"og:url\" content=\"https:\/\/epikinergy-chevallier.com\/index.php\/de-lepikinergy-memoires-cellulaires-et-kinesiologie\/\" \/>\n<meta property=\"og:site_name\" content=\"Epikinergy-Chevallier\" \/>\n<meta property=\"article:modified_time\" content=\"2020-09-01T14:03:09+00:00\" \/>\n<meta property=\"og:image\" content=\"http:\/\/epikinergy-chevallier.com\/wp-content\/uploads\/2020\/05\/freedom-3993898_1920-1-1024x620.jpg\" \/>\n<meta name=\"twitter:card\" content=\"summary_large_image\" \/>\n<meta name=\"twitter:label1\" content=\"Dur\u00e9e de lecture estim\u00e9e\" \/>\n\t<meta name=\"twitter:data1\" content=\"2 minutes\" \/>\n<script type=\"application\/ld+json\" class=\"yoast-schema-graph\">{\"@context\":\"https:\/\/schema.org\",\"@graph\":[{\"@type\":\"WebPage\",\"@id\":\"https:\/\/epikinergy-chevallier.com\/index.php\/de-lepikinergy-memoires-cellulaires-et-kinesiologie\/\",\"url\":\"https:\/\/epikinergy-chevallier.com\/index.php\/de-lepikinergy-memoires-cellulaires-et-kinesiologie\/\",\"name\":\"l'Epikinergy, lib\u00e9ration des m\u00e9moires cellulaires - Epikinergy-Chevallier\",\"isPartOf\":{\"@id\":\"https:\/\/epikinergy-chevallier.com\/#website\"},\"primaryImageOfPage\":{\"@id\":\"https:\/\/epikinergy-chevallier.com\/index.php\/de-lepikinergy-memoires-cellulaires-et-kinesiologie\/#primaryimage\"},\"image\":{\"@id\":\"https:\/\/epikinergy-chevallier.com\/index.php\/de-lepikinergy-memoires-cellulaires-et-kinesiologie\/#primaryimage\"},\"thumbnailUrl\":\"http:\/\/epikinergy-chevallier.com\/wp-content\/uploads\/2020\/05\/freedom-3993898_1920-1-1024x620.jpg\",\"datePublished\":\"2020-05-18T15:34:31+00:00\",\"dateModified\":\"2020-09-01T14:03:09+00:00\",\"breadcrumb\":{\"@id\":\"https:\/\/epikinergy-chevallier.com\/index.php\/de-lepikinergy-memoires-cellulaires-et-kinesiologie\/#breadcrumb\"},\"inLanguage\":\"fr-FR\",\"potentialAction\":[{\"@type\":\"ReadAction\",\"target\":[\"https:\/\/epikinergy-chevallier.com\/index.php\/de-lepikinergy-memoires-cellulaires-et-kinesiologie\/\"]}]},{\"@type\":\"ImageObject\",\"inLanguage\":\"fr-FR\",\"@id\":\"https:\/\/epikinergy-chevallier.com\/index.php\/de-lepikinergy-memoires-cellulaires-et-kinesiologie\/#primaryimage\",\"url\":\"http:\/\/epikinergy-chevallier.com\/wp-content\/uploads\/2020\/05\/freedom-3993898_1920-1-1024x620.jpg\",\"contentUrl\":\"http:\/\/epikinergy-chevallier.com\/wp-content\/uploads\/2020\/05\/freedom-3993898_1920-1-1024x620.jpg\"},{\"@type\":\"BreadcrumbList\",\"@id\":\"https:\/\/epikinergy-chevallier.com\/index.php\/de-lepikinergy-memoires-cellulaires-et-kinesiologie\/#breadcrumb\",\"itemListElement\":[{\"@type\":\"ListItem\",\"position\":1,\"name\":\"Accueil\",\"item\":\"https:\/\/epikinergy-chevallier.com\/\"},{\"@type\":\"ListItem\",\"position\":2,\"name\":\"l&rsquo;Epikinergy, lib\u00e9ration des m\u00e9moires cellulaires\"}]},{\"@type\":\"WebSite\",\"@id\":\"https:\/\/epikinergy-chevallier.com\/#website\",\"url\":\"https:\/\/epikinergy-chevallier.com\/\",\"name\":\"Vincent Chevallier - epikinergy - 53\",\"description\":\"\",\"publisher\":{\"@id\":\"https:\/\/epikinergy-chevallier.com\/#\/schema\/person\/bd12a16cd805b5260f2932b6185b8ca7\"},\"potentialAction\":[{\"@type\":\"SearchAction\",\"target\":{\"@type\":\"EntryPoint\",\"urlTemplate\":\"https:\/\/epikinergy-chevallier.com\/?s={search_term_string}\"},\"query-input\":{\"@type\":\"PropertyValueSpecification\",\"valueRequired\":true,\"valueName\":\"search_term_string\"}}],\"inLanguage\":\"fr-FR\"},{\"@type\":[\"Person\",\"Organization\"],\"@id\":\"https:\/\/epikinergy-chevallier.com\/#\/schema\/person\/bd12a16cd805b5260f2932b6185b8ca7\",\"name\":\"admin8304\",\"image\":{\"@type\":\"ImageObject\",\"inLanguage\":\"fr-FR\",\"@id\":\"https:\/\/epikinergy-chevallier.com\/#\/schema\/person\/image\/\",\"url\":\"https:\/\/secure.gravatar.com\/avatar\/e289304c358fcf2e7bd45f21a4ffb39f2713608a30187c0d6d734f91a8bfe1eb?s=96&d=mm&r=g\",\"contentUrl\":\"https:\/\/secure.gravatar.com\/avatar\/e289304c358fcf2e7bd45f21a4ffb39f2713608a30187c0d6d734f91a8bfe1eb?s=96&d=mm&r=g\",\"caption\":\"admin8304\"},\"logo\":{\"@id\":\"https:\/\/epikinergy-chevallier.com\/#\/schema\/person\/image\/\"}}]}<\/script>\n<!-- \/ Yoast SEO plugin. -->","yoast_head_json":{"title":"l'Epikinergy, lib\u00e9ration des m\u00e9moires cellulaires - Epikinergy-Chevallier","robots":{"index":"index","follow":"follow","max-snippet":"max-snippet:-1","max-image-preview":"max-image-preview:large","max-video-preview":"max-video-preview:-1"},"canonical":"https:\/\/epikinergy-chevallier.com\/index.php\/de-lepikinergy-memoires-cellulaires-et-kinesiologie\/","og_locale":"fr_FR","og_type":"article","og_title":"l'Epikinergy, lib\u00e9ration des m\u00e9moires cellulaires - Epikinergy-Chevallier","og_description":"Pour comprendre cette technique il faut au pr\u00e9alable int\u00e9grer la notion du g\u00e9n\u00e9tique et \u00e9pig\u00e9n\u00e9tique. Les principes de bases de la g\u00e9n\u00e9tique : chacune de nos cellules renferme des chromosomes (transmis pour moiti\u00e9 par chacun de nos parents), compos\u00e9s par l&rsquo;entortillement de tr\u00e8s longues cha\u00eenes d&rsquo;ADN autour de petites prot\u00e9ines; ces cha\u00eenes d&rsquo;ADN sont une collection de s\u00e9quences de mol\u00e9cules, dont une part importante sert de \u00ab\u00a0mod\u00e8le\u00a0\u00bb ou de \u00ab\u00a0cahier d&rsquo;instructions\u00a0\u00bb pour la synth\u00e8se de prot\u00e9ines. Ces s\u00e9quences sont en fait les fameux g\u00e8nes.Mais pour qu&rsquo;un g\u00e8ne s&rsquo;exprime (en d&rsquo;autres termes : pour qu&rsquo;il serve effectivement de mod\u00e8le, et soit transcrit), il faut qu&rsquo;il soit lu. A cette fin, il est n\u00e9cessaire que le segment particulier de la cha\u00eene d&rsquo;ADN qui porte ce message se d\u00e9roule. Or, les m\u00e9canismes qui gouvernent le d\u00e9roulement, la lecture, la dur\u00e9e de transcription des g\u00e8nes, sont influenc\u00e9s par l&rsquo;environnement, ou l&rsquo;histoire individuelle : Joie, espoir, peur, angoisse, tristesse.. Des perturbations chimiques environnementales, des instructions envoy\u00e9es par le cerveau ou par le syst\u00e8me hormonal, vont influencer dans une proportion non n\u00e9gligeable l&rsquo;expression des g\u00e8nes on appelle cela \u00e9pig\u00e9n\u00e9tique .Cette th\u00e9rapie \u00e0 l\u2019\u00e9coute du corps (epikinergy) est bas\u00e9e sur une technique nomm\u00e9e kin\u00e9siologie. Son principal outil est le test musculaire qui permet par le biais d\u2019une pression au niveau du bras (muscle delto\u00efde), d\u2019informer sur l\u2019existence d\u2019un stress, d\u2019un blocage ou d\u2019un besoin. Ce test musculaire permet de faire des demandes et de s&rsquo;adresser au corps de la personne car ce dernier est un r\u00e9v\u00e9lateur d&rsquo;exp\u00e9riences. Si certaines d&rsquo;entre elles ont \u00e9t\u00e9 marquantes et nous emp\u00eachent d&rsquo;exprimer qui nous sommes v\u00e9ritablement, de r\u00e9aliser pleinement notre pr\u00e9sent, l&rsquo;aide de l&rsquo;Epikinergy est pr\u00e9cieuse. En effet, cette m\u00e9decine douce permet d&rsquo;acc\u00e9der \u00e0 nos limites (blocages, m\u00e9moires, sabotages, blessures&#8230;) pour les d\u00e9livrer avec bienveillance. La personne s&rsquo;engage alors dans un processus de transformation puisqu&rsquo;elle se d\u00e9lie de n\u0153uds, de peurs, de souffrances enfouies&#8230; Gr\u00e2ce \u00e0 un travail d&rsquo;apprentissage et un travail \u00e9nerg\u00e9tique, cette lib\u00e9ration laisse place \u00e0 l&rsquo;essentiel de l&rsquo;\u00eatre: une plus grande confiance en ses ressources int\u00e9rieures, une d\u00e9couverte de son potentiel, un champ de possibilit\u00e9s infini et une profonde connexion au Soi pour vivre le meilleur de soi-m\u00eame.","og_url":"https:\/\/epikinergy-chevallier.com\/index.php\/de-lepikinergy-memoires-cellulaires-et-kinesiologie\/","og_site_name":"Epikinergy-Chevallier","article_modified_time":"2020-09-01T14:03:09+00:00","og_image":[{"url":"http:\/\/epikinergy-chevallier.com\/wp-content\/uploads\/2020\/05\/freedom-3993898_1920-1-1024x620.jpg","type":"","width":"","height":""}],"twitter_card":"summary_large_image","twitter_misc":{"Dur\u00e9e de lecture estim\u00e9e":"2 minutes"},"schema":{"@context":"https:\/\/schema.org","@graph":[{"@type":"WebPage","@id":"https:\/\/epikinergy-chevallier.com\/index.php\/de-lepikinergy-memoires-cellulaires-et-kinesiologie\/","url":"https:\/\/epikinergy-chevallier.com\/index.php\/de-lepikinergy-memoires-cellulaires-et-kinesiologie\/","name":"l'Epikinergy, lib\u00e9ration des m\u00e9moires cellulaires - Epikinergy-Chevallier","isPartOf":{"@id":"https:\/\/epikinergy-chevallier.com\/#website"},"primaryImageOfPage":{"@id":"https:\/\/epikinergy-chevallier.com\/index.php\/de-lepikinergy-memoires-cellulaires-et-kinesiologie\/#primaryimage"},"image":{"@id":"https:\/\/epikinergy-chevallier.com\/index.php\/de-lepikinergy-memoires-cellulaires-et-kinesiologie\/#primaryimage"},"thumbnailUrl":"http:\/\/epikinergy-chevallier.com\/wp-content\/uploads\/2020\/05\/freedom-3993898_1920-1-1024x620.jpg","datePublished":"2020-05-18T15:34:31+00:00","dateModified":"2020-09-01T14:03:09+00:00","breadcrumb":{"@id":"https:\/\/epikinergy-chevallier.com\/index.php\/de-lepikinergy-memoires-cellulaires-et-kinesiologie\/#breadcrumb"},"inLanguage":"fr-FR","potentialAction":[{"@type":"ReadAction","target":["https:\/\/epikinergy-chevallier.com\/index.php\/de-lepikinergy-memoires-cellulaires-et-kinesiologie\/"]}]},{"@type":"ImageObject","inLanguage":"fr-FR","@id":"https:\/\/epikinergy-chevallier.com\/index.php\/de-lepikinergy-memoires-cellulaires-et-kinesiologie\/#primaryimage","url":"http:\/\/epikinergy-chevallier.com\/wp-content\/uploads\/2020\/05\/freedom-3993898_1920-1-1024x620.jpg","contentUrl":"http:\/\/epikinergy-chevallier.com\/wp-content\/uploads\/2020\/05\/freedom-3993898_1920-1-1024x620.jpg"},{"@type":"BreadcrumbList","@id":"https:\/\/epikinergy-chevallier.com\/index.php\/de-lepikinergy-memoires-cellulaires-et-kinesiologie\/#breadcrumb","itemListElement":[{"@type":"ListItem","position":1,"name":"Accueil","item":"https:\/\/epikinergy-chevallier.com\/"},{"@type":"ListItem","position":2,"name":"l&rsquo;Epikinergy, lib\u00e9ration des m\u00e9moires cellulaires"}]},{"@type":"WebSite","@id":"https:\/\/epikinergy-chevallier.com\/#website","url":"https:\/\/epikinergy-chevallier.com\/","name":"Vincent Chevallier - epikinergy - 53","description":"","publisher":{"@id":"https:\/\/epikinergy-chevallier.com\/#\/schema\/person\/bd12a16cd805b5260f2932b6185b8ca7"},"potentialAction":[{"@type":"SearchAction","target":{"@type":"EntryPoint","urlTemplate":"https:\/\/epikinergy-chevallier.com\/?s={search_term_string}"},"query-input":{"@type":"PropertyValueSpecification","valueRequired":true,"valueName":"search_term_string"}}],"inLanguage":"fr-FR"},{"@type":["Person","Organization"],"@id":"https:\/\/epikinergy-chevallier.com\/#\/schema\/person\/bd12a16cd805b5260f2932b6185b8ca7","name":"admin8304","image":{"@type":"ImageObject","inLanguage":"fr-FR","@id":"https:\/\/epikinergy-chevallier.com\/#\/schema\/person\/image\/","url":"https:\/\/secure.gravatar.com\/avatar\/e289304c358fcf2e7bd45f21a4ffb39f2713608a30187c0d6d734f91a8bfe1eb?s=96&d=mm&r=g","contentUrl":"https:\/\/secure.gravatar.com\/avatar\/e289304c358fcf2e7bd45f21a4ffb39f2713608a30187c0d6d734f91a8bfe1eb?s=96&d=mm&r=g","caption":"admin8304"},"logo":{"@id":"https:\/\/epikinergy-chevallier.com\/#\/schema\/person\/image\/"}}]}},"_links":{"self":[{"href":"https:\/\/epikinergy-chevallier.com\/index.php\/wp-json\/wp\/v2\/pages\/38","targetHints":{"allow":["GET"]}}],"collection":[{"href":"https:\/\/epikinergy-chevallier.com\/index.php\/wp-json\/wp\/v2\/pages"}],"about":[{"href":"https:\/\/epikinergy-chevallier.com\/index.php\/wp-json\/wp\/v2\/types\/page"}],"author":[{"embeddable":true,"href":"https:\/\/epikinergy-chevallier.com\/index.php\/wp-json\/wp\/v2\/users\/1"}],"replies":[{"embeddable":true,"href":"https:\/\/epikinergy-chevallier.com\/index.php\/wp-json\/wp\/v2\/comments?post=38"}],"version-history":[{"count":4,"href":"https:\/\/epikinergy-chevallier.com\/index.php\/wp-json\/wp\/v2\/pages\/38\/revisions"}],"predecessor-version":[{"id":241,"href":"https:\/\/epikinergy-chevallier.com\/index.php\/wp-json\/wp\/v2\/pages\/38\/revisions\/241"}],"wp:attachment":[{"href":"https:\/\/epikinergy-chevallier.com\/index.php\/wp-json\/wp\/v2\/media?parent=38"}],"curies":[{"name":"wp","href":"https:\/\/api.w.org\/{rel}","templated":true}]}}