{"id":246,"date":"2024-03-25T19:09:18","date_gmt":"2024-03-25T18:09:18","guid":{"rendered":"https:\/\/epikinergy-chevallier.com\/?page_id=246"},"modified":"2024-03-25T19:10:57","modified_gmt":"2024-03-25T18:10:57","slug":"reequilibrage-et-harmonisation-des-lieux","status":"publish","type":"page","link":"https:\/\/epikinergy-chevallier.com\/index.php\/reequilibrage-et-harmonisation-des-lieux\/","title":{"rendered":"R\u00e9\u00e9quilibrage et Harmonisation des Lieux"},"content":{"rendered":"<p>Pourquoi pourriez-vous faire appelle \u00e0 mes services pour<strong> le r\u00e9\u00e9quilibrage, l&rsquo;harmonisation, la g\u00e9obiologie<\/strong> de votre lieu de vie ou de votre entreprise ?<\/p>\n<p>Car comme la n\u00e9cessit\u00e9 de faire un travail interne et propre \u00e0 nous m\u00eame, parfois les lieux de vie ont un impact exponentiel sur nos maux, nos d\u00e9sagr\u00e9ments int\u00e9rieurs , notre sant\u00e9 physique et psychologique d&rsquo;o\u00f9 la n\u00e9cessit\u00e9 et l&rsquo;importance de eux aussi\u00a0 les all\u00e9g\u00e9s , les transform\u00e9s \u00e9nerg\u00e9tiquement afin de retrouver la pl\u00e9nitude et la paix en leur sein.<\/p>\n<p><strong>Probl\u00e9matique :\u00a0<\/strong><\/p>\n<ul>\n<li>Sentiment d&rsquo;inconfort dans votre lieu de vie ou votre entreprise<\/li>\n<li>Probl\u00e8mes de sant\u00e9, sommeil<\/li>\n<li>Difficult\u00e9s \u00e0 vendre vos biens<\/li>\n<li>Travaux compliqu\u00e9s, bloqu\u00e9s<\/li>\n<li>Dysfonctionnement dans votre entreprise (CA\/gestion salariale..)<\/li>\n<\/ul>\n<p><strong>Cons\u00e9quence sur l&rsquo;\u00e9quilibre :<\/strong><\/p>\n<ul>\n<li>Pollution de l&rsquo;eau, \u00e9lectricit\u00e9, min\u00e9raux (m\u00e9taux)<\/li>\n<li>Pollution \u00e9nerg\u00e9tique<\/li>\n<li>Courant tellurique<\/li>\n<li>Objet pollu\u00e9 ou polluant<\/li>\n<li>etc&#8230;.<\/li>\n<\/ul>\n<p><strong>Fonctionnement et d\u00e9roulement :<\/strong><\/p>\n<ul>\n<li>Ecoute et \u00e9tude de vos probl\u00e9matiques<\/li>\n<li>Analyse des plans de votre lieu de vie ou de votre entreprise<\/li>\n<li>Recherche des courants telluriques<\/li>\n<li>Explications , compr\u00e9hension<\/li>\n<li>R\u00e9\u00e9quilibrage<\/li>\n<li>Travail \u00e0 distance et\/ou en pr\u00e9sentiel<\/li>\n<\/ul>\n<p><strong>R\u00e9sultats et harmonie :<\/strong><\/p>\n<ul>\n<li>Qualit\u00e9 de vie recouvr\u00e9e (humain,animal,v\u00e9g\u00e9tale..)<\/li>\n<li>Circulation de l&rsquo;\u00e9nergie du lieu et des personnes<\/li>\n<li>Reprise des projets (travaux,ventes,achats,CA&#8230;)<\/li>\n<li>Am\u00e9lioration sant\u00e9<\/li>\n<li>Atteinte de vos objectifs personnels et ou professionnels<\/li>\n<\/ul>\n<p>Pour toute demande d&rsquo;information je privil\u00e9gie un contact par t\u00e9l\u00e9phone afin de pouvoir r\u00e9pondre \u00e0 vos questionnements sur cette investigation. Vous pouvez toutefois m&rsquo;envoyer un message via ce site internet et je me ferais un plaisir de vous r\u00e9pondre . <strong>Le tarif est \u00e9tudi\u00e9 en fonction du projet.<\/strong>Toutefois j&rsquo;accorde une attention particuli\u00e8re afin que cet investissement sur soi reste possible et accessible \u00e0 tout \u00e0 chacun.<\/p>\n","protected":false},"excerpt":{"rendered":"<p>Pourquoi pourriez-vous faire appelle \u00e0 mes services pour le r\u00e9\u00e9quilibrage, l&rsquo;harmonisation, la g\u00e9obiologie de votre lieu de vie ou de votre entreprise ? Car comme la n\u00e9cessit\u00e9 de faire un travail interne et propre \u00e0 nous m\u00eame, parfois les lieux de vie ont un impact exponentiel sur nos maux, nos d\u00e9sagr\u00e9ments int\u00e9rieurs , notre sant\u00e9 physique et psychologique d&rsquo;o\u00f9 la n\u00e9cessit\u00e9 et l&rsquo;importance de eux aussi\u00a0 les all\u00e9g\u00e9s , les transform\u00e9s \u00e9nerg\u00e9tiquement afin de retrouver la pl\u00e9nitude et la paix en leur sein. Probl\u00e9matique :\u00a0 Sentiment d&rsquo;inconfort dans votre lieu de vie ou votre entreprise Probl\u00e8mes de sant\u00e9, sommeil Difficult\u00e9s \u00e0 vendre vos biens Travaux compliqu\u00e9s, bloqu\u00e9s Dysfonctionnement dans votre entreprise (CA\/gestion salariale..) Cons\u00e9quence sur l&rsquo;\u00e9quilibre : Pollution de l&rsquo;eau, \u00e9lectricit\u00e9, min\u00e9raux (m\u00e9taux) Pollution \u00e9nerg\u00e9tique Courant tellurique Objet pollu\u00e9 ou polluant etc&#8230;. Fonctionnement et d\u00e9roulement : Ecoute et \u00e9tude de vos probl\u00e9matiques Analyse des plans de votre lieu de vie ou de votre entreprise Recherche des courants telluriques Explications , compr\u00e9hension R\u00e9\u00e9quilibrage Travail \u00e0 distance et\/ou en pr\u00e9sentiel R\u00e9sultats et harmonie : Qualit\u00e9 de vie recouvr\u00e9e (humain,animal,v\u00e9g\u00e9tale..) Circulation de l&rsquo;\u00e9nergie du lieu et des personnes Reprise des projets (travaux,ventes,achats,CA&#8230;) Am\u00e9lioration sant\u00e9 Atteinte de vos objectifs personnels et ou professionnels Pour toute demande d&rsquo;information je privil\u00e9gie un contact par t\u00e9l\u00e9phone afin de pouvoir r\u00e9pondre \u00e0 vos questionnements sur cette investigation. Vous pouvez toutefois m&rsquo;envoyer un message via ce site internet et je me ferais un plaisir de vous r\u00e9pondre . Le tarif est \u00e9tudi\u00e9 en fonction du projet.Toutefois j&rsquo;accorde une attention particuli\u00e8re afin que cet investissement sur soi reste possible et accessible \u00e0 tout \u00e0 chacun.<\/p>\n","protected":false},"author":1,"featured_media":0,"parent":0,"menu_order":0,"comment_status":"closed","ping_status":"closed","template":"","meta":{"_monsterinsights_skip_tracking":false,"_monsterinsights_sitenote_active":false,"_monsterinsights_sitenote_note":"","_monsterinsights_sitenote_category":0,"footnotes":""},"class_list":["post-246","page","type-page","status-publish","hentry"],"yoast_head":"<!-- This site is optimized with the Yoast SEO plugin v24.9 - https:\/\/yoast.com\/wordpress\/plugins\/seo\/ -->\n<title>R\u00e9\u00e9quilibrage et Harmonisation des Lieux - Epikinergy-Chevallier<\/title>\n<meta name=\"robots\" content=\"index, follow, max-snippet:-1, max-image-preview:large, max-video-preview:-1\" \/>\n<link rel=\"canonical\" href=\"https:\/\/epikinergy-chevallier.com\/index.php\/reequilibrage-et-harmonisation-des-lieux\/\" \/>\n<meta property=\"og:locale\" content=\"fr_FR\" \/>\n<meta property=\"og:type\" content=\"article\" \/>\n<meta property=\"og:title\" content=\"R\u00e9\u00e9quilibrage et Harmonisation des Lieux - Epikinergy-Chevallier\" \/>\n<meta property=\"og:description\" content=\"Pourquoi pourriez-vous faire appelle \u00e0 mes services pour le r\u00e9\u00e9quilibrage, l&rsquo;harmonisation, la g\u00e9obiologie de votre lieu de vie ou de votre entreprise ? Car comme la n\u00e9cessit\u00e9 de faire un travail interne et propre \u00e0 nous m\u00eame, parfois les lieux de vie ont un impact exponentiel sur nos maux, nos d\u00e9sagr\u00e9ments int\u00e9rieurs , notre sant\u00e9 physique et psychologique d&rsquo;o\u00f9 la n\u00e9cessit\u00e9 et l&rsquo;importance de eux aussi\u00a0 les all\u00e9g\u00e9s , les transform\u00e9s \u00e9nerg\u00e9tiquement afin de retrouver la pl\u00e9nitude et la paix en leur sein. Probl\u00e9matique :\u00a0 Sentiment d&rsquo;inconfort dans votre lieu de vie ou votre entreprise Probl\u00e8mes de sant\u00e9, sommeil Difficult\u00e9s \u00e0 vendre vos biens Travaux compliqu\u00e9s, bloqu\u00e9s Dysfonctionnement dans votre entreprise (CA\/gestion salariale..) Cons\u00e9quence sur l&rsquo;\u00e9quilibre : Pollution de l&rsquo;eau, \u00e9lectricit\u00e9, min\u00e9raux (m\u00e9taux) Pollution \u00e9nerg\u00e9tique Courant tellurique Objet pollu\u00e9 ou polluant etc&#8230;. Fonctionnement et d\u00e9roulement : Ecoute et \u00e9tude de vos probl\u00e9matiques Analyse des plans de votre lieu de vie ou de votre entreprise Recherche des courants telluriques Explications , compr\u00e9hension R\u00e9\u00e9quilibrage Travail \u00e0 distance et\/ou en pr\u00e9sentiel R\u00e9sultats et harmonie : Qualit\u00e9 de vie recouvr\u00e9e (humain,animal,v\u00e9g\u00e9tale..) Circulation de l&rsquo;\u00e9nergie du lieu et des personnes Reprise des projets (travaux,ventes,achats,CA&#8230;) Am\u00e9lioration sant\u00e9 Atteinte de vos objectifs personnels et ou professionnels Pour toute demande d&rsquo;information je privil\u00e9gie un contact par t\u00e9l\u00e9phone afin de pouvoir r\u00e9pondre \u00e0 vos questionnements sur cette investigation. Vous pouvez toutefois m&rsquo;envoyer un message via ce site internet et je me ferais un plaisir de vous r\u00e9pondre . Le tarif est \u00e9tudi\u00e9 en fonction du projet.Toutefois j&rsquo;accorde une attention particuli\u00e8re afin que cet investissement sur soi reste possible et accessible \u00e0 tout \u00e0 chacun.\" \/>\n<meta property=\"og:url\" content=\"https:\/\/epikinergy-chevallier.com\/index.php\/reequilibrage-et-harmonisation-des-lieux\/\" \/>\n<meta property=\"og:site_name\" content=\"Epikinergy-Chevallier\" \/>\n<meta property=\"article:modified_time\" content=\"2024-03-25T18:10:57+00:00\" \/>\n<meta name=\"twitter:card\" content=\"summary_large_image\" \/>\n<meta name=\"twitter:label1\" content=\"Dur\u00e9e de lecture estim\u00e9e\" \/>\n\t<meta name=\"twitter:data1\" content=\"2 minutes\" \/>\n<script type=\"application\/ld+json\" class=\"yoast-schema-graph\">{\"@context\":\"https:\/\/schema.org\",\"@graph\":[{\"@type\":\"WebPage\",\"@id\":\"https:\/\/epikinergy-chevallier.com\/index.php\/reequilibrage-et-harmonisation-des-lieux\/\",\"url\":\"https:\/\/epikinergy-chevallier.com\/index.php\/reequilibrage-et-harmonisation-des-lieux\/\",\"name\":\"R\u00e9\u00e9quilibrage et Harmonisation des Lieux - Epikinergy-Chevallier\",\"isPartOf\":{\"@id\":\"https:\/\/epikinergy-chevallier.com\/#website\"},\"datePublished\":\"2024-03-25T18:09:18+00:00\",\"dateModified\":\"2024-03-25T18:10:57+00:00\",\"breadcrumb\":{\"@id\":\"https:\/\/epikinergy-chevallier.com\/index.php\/reequilibrage-et-harmonisation-des-lieux\/#breadcrumb\"},\"inLanguage\":\"fr-FR\",\"potentialAction\":[{\"@type\":\"ReadAction\",\"target\":[\"https:\/\/epikinergy-chevallier.com\/index.php\/reequilibrage-et-harmonisation-des-lieux\/\"]}]},{\"@type\":\"BreadcrumbList\",\"@id\":\"https:\/\/epikinergy-chevallier.com\/index.php\/reequilibrage-et-harmonisation-des-lieux\/#breadcrumb\",\"itemListElement\":[{\"@type\":\"ListItem\",\"position\":1,\"name\":\"Accueil\",\"item\":\"https:\/\/epikinergy-chevallier.com\/\"},{\"@type\":\"ListItem\",\"position\":2,\"name\":\"R\u00e9\u00e9quilibrage et Harmonisation des Lieux\"}]},{\"@type\":\"WebSite\",\"@id\":\"https:\/\/epikinergy-chevallier.com\/#website\",\"url\":\"https:\/\/epikinergy-chevallier.com\/\",\"name\":\"Vincent Chevallier - epikinergy - 53\",\"description\":\"\",\"publisher\":{\"@id\":\"https:\/\/epikinergy-chevallier.com\/#\/schema\/person\/bd12a16cd805b5260f2932b6185b8ca7\"},\"potentialAction\":[{\"@type\":\"SearchAction\",\"target\":{\"@type\":\"EntryPoint\",\"urlTemplate\":\"https:\/\/epikinergy-chevallier.com\/?s={search_term_string}\"},\"query-input\":{\"@type\":\"PropertyValueSpecification\",\"valueRequired\":true,\"valueName\":\"search_term_string\"}}],\"inLanguage\":\"fr-FR\"},{\"@type\":[\"Person\",\"Organization\"],\"@id\":\"https:\/\/epikinergy-chevallier.com\/#\/schema\/person\/bd12a16cd805b5260f2932b6185b8ca7\",\"name\":\"admin8304\",\"image\":{\"@type\":\"ImageObject\",\"inLanguage\":\"fr-FR\",\"@id\":\"https:\/\/epikinergy-chevallier.com\/#\/schema\/person\/image\/\",\"url\":\"https:\/\/secure.gravatar.com\/avatar\/e289304c358fcf2e7bd45f21a4ffb39f2713608a30187c0d6d734f91a8bfe1eb?s=96&d=mm&r=g\",\"contentUrl\":\"https:\/\/secure.gravatar.com\/avatar\/e289304c358fcf2e7bd45f21a4ffb39f2713608a30187c0d6d734f91a8bfe1eb?s=96&d=mm&r=g\",\"caption\":\"admin8304\"},\"logo\":{\"@id\":\"https:\/\/epikinergy-chevallier.com\/#\/schema\/person\/image\/\"}}]}<\/script>\n<!-- \/ Yoast SEO plugin. -->","yoast_head_json":{"title":"R\u00e9\u00e9quilibrage et Harmonisation des Lieux - Epikinergy-Chevallier","robots":{"index":"index","follow":"follow","max-snippet":"max-snippet:-1","max-image-preview":"max-image-preview:large","max-video-preview":"max-video-preview:-1"},"canonical":"https:\/\/epikinergy-chevallier.com\/index.php\/reequilibrage-et-harmonisation-des-lieux\/","og_locale":"fr_FR","og_type":"article","og_title":"R\u00e9\u00e9quilibrage et Harmonisation des Lieux - Epikinergy-Chevallier","og_description":"Pourquoi pourriez-vous faire appelle \u00e0 mes services pour le r\u00e9\u00e9quilibrage, l&rsquo;harmonisation, la g\u00e9obiologie de votre lieu de vie ou de votre entreprise ? Car comme la n\u00e9cessit\u00e9 de faire un travail interne et propre \u00e0 nous m\u00eame, parfois les lieux de vie ont un impact exponentiel sur nos maux, nos d\u00e9sagr\u00e9ments int\u00e9rieurs , notre sant\u00e9 physique et psychologique d&rsquo;o\u00f9 la n\u00e9cessit\u00e9 et l&rsquo;importance de eux aussi\u00a0 les all\u00e9g\u00e9s , les transform\u00e9s \u00e9nerg\u00e9tiquement afin de retrouver la pl\u00e9nitude et la paix en leur sein. Probl\u00e9matique :\u00a0 Sentiment d&rsquo;inconfort dans votre lieu de vie ou votre entreprise Probl\u00e8mes de sant\u00e9, sommeil Difficult\u00e9s \u00e0 vendre vos biens Travaux compliqu\u00e9s, bloqu\u00e9s Dysfonctionnement dans votre entreprise (CA\/gestion salariale..) Cons\u00e9quence sur l&rsquo;\u00e9quilibre : Pollution de l&rsquo;eau, \u00e9lectricit\u00e9, min\u00e9raux (m\u00e9taux) Pollution \u00e9nerg\u00e9tique Courant tellurique Objet pollu\u00e9 ou polluant etc&#8230;. Fonctionnement et d\u00e9roulement : Ecoute et \u00e9tude de vos probl\u00e9matiques Analyse des plans de votre lieu de vie ou de votre entreprise Recherche des courants telluriques Explications , compr\u00e9hension R\u00e9\u00e9quilibrage Travail \u00e0 distance et\/ou en pr\u00e9sentiel R\u00e9sultats et harmonie : Qualit\u00e9 de vie recouvr\u00e9e (humain,animal,v\u00e9g\u00e9tale..) Circulation de l&rsquo;\u00e9nergie du lieu et des personnes Reprise des projets (travaux,ventes,achats,CA&#8230;) Am\u00e9lioration sant\u00e9 Atteinte de vos objectifs personnels et ou professionnels Pour toute demande d&rsquo;information je privil\u00e9gie un contact par t\u00e9l\u00e9phone afin de pouvoir r\u00e9pondre \u00e0 vos questionnements sur cette investigation. Vous pouvez toutefois m&rsquo;envoyer un message via ce site internet et je me ferais un plaisir de vous r\u00e9pondre . Le tarif est \u00e9tudi\u00e9 en fonction du projet.Toutefois j&rsquo;accorde une attention particuli\u00e8re afin que cet investissement sur soi reste possible et accessible \u00e0 tout \u00e0 chacun.","og_url":"https:\/\/epikinergy-chevallier.com\/index.php\/reequilibrage-et-harmonisation-des-lieux\/","og_site_name":"Epikinergy-Chevallier","article_modified_time":"2024-03-25T18:10:57+00:00","twitter_card":"summary_large_image","twitter_misc":{"Dur\u00e9e de lecture estim\u00e9e":"2 minutes"},"schema":{"@context":"https:\/\/schema.org","@graph":[{"@type":"WebPage","@id":"https:\/\/epikinergy-chevallier.com\/index.php\/reequilibrage-et-harmonisation-des-lieux\/","url":"https:\/\/epikinergy-chevallier.com\/index.php\/reequilibrage-et-harmonisation-des-lieux\/","name":"R\u00e9\u00e9quilibrage et Harmonisation des Lieux - Epikinergy-Chevallier","isPartOf":{"@id":"https:\/\/epikinergy-chevallier.com\/#website"},"datePublished":"2024-03-25T18:09:18+00:00","dateModified":"2024-03-25T18:10:57+00:00","breadcrumb":{"@id":"https:\/\/epikinergy-chevallier.com\/index.php\/reequilibrage-et-harmonisation-des-lieux\/#breadcrumb"},"inLanguage":"fr-FR","potentialAction":[{"@type":"ReadAction","target":["https:\/\/epikinergy-chevallier.com\/index.php\/reequilibrage-et-harmonisation-des-lieux\/"]}]},{"@type":"BreadcrumbList","@id":"https:\/\/epikinergy-chevallier.com\/index.php\/reequilibrage-et-harmonisation-des-lieux\/#breadcrumb","itemListElement":[{"@type":"ListItem","position":1,"name":"Accueil","item":"https:\/\/epikinergy-chevallier.com\/"},{"@type":"ListItem","position":2,"name":"R\u00e9\u00e9quilibrage et Harmonisation des Lieux"}]},{"@type":"WebSite","@id":"https:\/\/epikinergy-chevallier.com\/#website","url":"https:\/\/epikinergy-chevallier.com\/","name":"Vincent Chevallier - epikinergy - 53","description":"","publisher":{"@id":"https:\/\/epikinergy-chevallier.com\/#\/schema\/person\/bd12a16cd805b5260f2932b6185b8ca7"},"potentialAction":[{"@type":"SearchAction","target":{"@type":"EntryPoint","urlTemplate":"https:\/\/epikinergy-chevallier.com\/?s={search_term_string}"},"query-input":{"@type":"PropertyValueSpecification","valueRequired":true,"valueName":"search_term_string"}}],"inLanguage":"fr-FR"},{"@type":["Person","Organization"],"@id":"https:\/\/epikinergy-chevallier.com\/#\/schema\/person\/bd12a16cd805b5260f2932b6185b8ca7","name":"admin8304","image":{"@type":"ImageObject","inLanguage":"fr-FR","@id":"https:\/\/epikinergy-chevallier.com\/#\/schema\/person\/image\/","url":"https:\/\/secure.gravatar.com\/avatar\/e289304c358fcf2e7bd45f21a4ffb39f2713608a30187c0d6d734f91a8bfe1eb?s=96&d=mm&r=g","contentUrl":"https:\/\/secure.gravatar.com\/avatar\/e289304c358fcf2e7bd45f21a4ffb39f2713608a30187c0d6d734f91a8bfe1eb?s=96&d=mm&r=g","caption":"admin8304"},"logo":{"@id":"https:\/\/epikinergy-chevallier.com\/#\/schema\/person\/image\/"}}]}},"_links":{"self":[{"href":"https:\/\/epikinergy-chevallier.com\/index.php\/wp-json\/wp\/v2\/pages\/246","targetHints":{"allow":["GET"]}}],"collection":[{"href":"https:\/\/epikinergy-chevallier.com\/index.php\/wp-json\/wp\/v2\/pages"}],"about":[{"href":"https:\/\/epikinergy-chevallier.com\/index.php\/wp-json\/wp\/v2\/types\/page"}],"author":[{"embeddable":true,"href":"https:\/\/epikinergy-chevallier.com\/index.php\/wp-json\/wp\/v2\/users\/1"}],"replies":[{"embeddable":true,"href":"https:\/\/epikinergy-chevallier.com\/index.php\/wp-json\/wp\/v2\/comments?post=246"}],"version-history":[{"count":6,"href":"https:\/\/epikinergy-chevallier.com\/index.php\/wp-json\/wp\/v2\/pages\/246\/revisions"}],"predecessor-version":[{"id":252,"href":"https:\/\/epikinergy-chevallier.com\/index.php\/wp-json\/wp\/v2\/pages\/246\/revisions\/252"}],"wp:attachment":[{"href":"https:\/\/epikinergy-chevallier.com\/index.php\/wp-json\/wp\/v2\/media?parent=246"}],"curies":[{"name":"wp","href":"https:\/\/api.w.org\/{rel}","templated":true}]}}