{"id":243,"date":"2024-03-26T16:46:26","date_gmt":"2024-03-26T15:46:26","guid":{"rendered":"https:\/\/epikinergy-chevallier.com\/?page_id=243"},"modified":"2024-03-26T16:46:26","modified_gmt":"2024-03-26T15:46:26","slug":"qui-suis-je","status":"publish","type":"page","link":"https:\/\/epikinergy-chevallier.com\/index.php\/qui-suis-je\/","title":{"rendered":"Qui suis-je"},"content":{"rendered":"<p><strong>Vincent Chevallier Praticien en Epikinergy \/R\u00e9\u00e9quilibrage des lieux\/Magn\u00e9tiseur<\/strong><\/p>\r\n<!-- \/wp:post-content -->\r\n\r\n<!-- wp:paragraph -->\r\n<p>De nature curieuse , l&rsquo;humain, son environnement ,ce qu&rsquo;il le compose, le d\u00e9finit et l&rsquo;anime m&rsquo;ont toujours passionn\u00e9 .<\/p>\r\n<p>Il y a une dizaine d&rsquo;ann\u00e9es il m&rsquo;est appar\u00fbt essentiel dans mon cheminement d&rsquo;entamer un travail de d\u00e9veloppement personnel, un travail de fond, un travail profond.<\/p>\r\n<p>Bien s\u00fbr ce chemin s&rsquo;est fait aux c\u00f4t\u00e9s de Bruno Rouan (Cr\u00e9ateur de l&rsquo;EPIKINERGY). Non seulement j&rsquo;ai rencontr\u00e9 cet homme mais aussi la m\u00e9thode , son proc\u00e9d\u00e9, le processus ,puis des phases d&rsquo;\u00e9puration profonde afin de rencontrer mon \u00eatre v\u00e9ritable.<\/p>\r\n<p>Une \u00e9tape importante dans ma vie car au-del\u00e0 de m&rsquo;\u00eatre r\u00e9v\u00e9l\u00e9, j&rsquo;ai eu la chance de me faire former \u00e0 l&rsquo;Epikinergy.<\/p>\r\n<p>A cette m\u00e9thode extraordinaire , riche et profond\u00e9ment humaniste.<\/p>\r\n<p>Aujourd&rsquo;hui th\u00e9rapeute en pratique, j&rsquo;ai une immense gratitude \u00e0 accompagner celles et ceux qui souhaitent eux aussi rencontrer leur \u00eatre v\u00e9ritable.<\/p>\r\n<p>Naturellement je continue \u00e0 me former, \u00e0 d\u00e9velopper ma pratique, \u00e0 me remettre en question, \u00e0 me faire accompagner et tout simplement \u00e0 \u00e9voluer .<\/p>\r\n<!-- \/wp:paragraph -->\r\n\r\n<!-- wp:paragraph -->\r\n<p>&nbsp;<\/p>\r\n<!-- \/wp:paragraph -->\r\n\r\n<!-- wp:paragraph {\"align\":\"left\",\"fontSize\":\"medium\"} -->\r\n<blockquote>\r\n<p class=\"has-text-align-left has-medium-font-size\"><em><strong>\u00ab\u00a0Le moment c&rsquo;est maintenant et maintenant c&rsquo;est le moment\u00a0\u00bb (Lydia Bosson)<br \/><\/strong><\/em><\/p>\r\n<\/blockquote>","protected":false},"excerpt":{"rendered":"<p>Vincent Chevallier Praticien en Epikinergy \/R\u00e9\u00e9quilibrage des lieux\/Magn\u00e9tiseur De nature curieuse , l&rsquo;humain, son environnement ,ce qu&rsquo;il le compose, le d\u00e9finit et l&rsquo;anime m&rsquo;ont toujours passionn\u00e9 . Il y a une dizaine d&rsquo;ann\u00e9es il m&rsquo;est appar\u00fbt essentiel dans mon cheminement d&rsquo;entamer un travail de d\u00e9veloppement personnel, un travail de fond, un travail profond. Bien s\u00fbr ce chemin s&rsquo;est fait aux c\u00f4t\u00e9s de Bruno Rouan (Cr\u00e9ateur de l&rsquo;EPIKINERGY). Non seulement j&rsquo;ai rencontr\u00e9 cet homme mais aussi la m\u00e9thode , son proc\u00e9d\u00e9, le processus ,puis des phases d&rsquo;\u00e9puration profonde afin de rencontrer mon \u00eatre v\u00e9ritable. Une \u00e9tape importante dans ma vie car au-del\u00e0 de m&rsquo;\u00eatre r\u00e9v\u00e9l\u00e9, j&rsquo;ai eu la chance de me faire former \u00e0 l&rsquo;Epikinergy. A cette m\u00e9thode extraordinaire , riche et profond\u00e9ment humaniste. Aujourd&rsquo;hui th\u00e9rapeute en pratique, j&rsquo;ai une immense gratitude \u00e0 accompagner celles et ceux qui souhaitent eux aussi rencontrer leur \u00eatre v\u00e9ritable. Naturellement je continue \u00e0 me former, \u00e0 d\u00e9velopper ma pratique, \u00e0 me remettre en question, \u00e0 me faire accompagner et tout simplement \u00e0 \u00e9voluer . &nbsp; \u00ab\u00a0Le moment c&rsquo;est maintenant et maintenant c&rsquo;est le moment\u00a0\u00bb (Lydia Bosson)<\/p>\n","protected":false},"author":1,"featured_media":0,"parent":0,"menu_order":0,"comment_status":"closed","ping_status":"closed","template":"","meta":{"_monsterinsights_skip_tracking":false,"_monsterinsights_sitenote_active":false,"_monsterinsights_sitenote_note":"","_monsterinsights_sitenote_category":0,"footnotes":""},"class_list":["post-243","page","type-page","status-publish","hentry"],"yoast_head":"<!-- This site is optimized with the Yoast SEO plugin v24.9 - https:\/\/yoast.com\/wordpress\/plugins\/seo\/ -->\n<title>Qui suis-je - Epikinergy-Chevallier<\/title>\n<meta name=\"robots\" content=\"index, follow, max-snippet:-1, max-image-preview:large, max-video-preview:-1\" \/>\n<link rel=\"canonical\" href=\"https:\/\/epikinergy-chevallier.com\/index.php\/qui-suis-je\/\" \/>\n<meta property=\"og:locale\" content=\"fr_FR\" \/>\n<meta property=\"og:type\" content=\"article\" \/>\n<meta property=\"og:title\" content=\"Qui suis-je - Epikinergy-Chevallier\" \/>\n<meta property=\"og:description\" content=\"Vincent Chevallier Praticien en Epikinergy \/R\u00e9\u00e9quilibrage des lieux\/Magn\u00e9tiseur De nature curieuse , l&rsquo;humain, son environnement ,ce qu&rsquo;il le compose, le d\u00e9finit et l&rsquo;anime m&rsquo;ont toujours passionn\u00e9 . Il y a une dizaine d&rsquo;ann\u00e9es il m&rsquo;est appar\u00fbt essentiel dans mon cheminement d&rsquo;entamer un travail de d\u00e9veloppement personnel, un travail de fond, un travail profond. Bien s\u00fbr ce chemin s&rsquo;est fait aux c\u00f4t\u00e9s de Bruno Rouan (Cr\u00e9ateur de l&rsquo;EPIKINERGY). Non seulement j&rsquo;ai rencontr\u00e9 cet homme mais aussi la m\u00e9thode , son proc\u00e9d\u00e9, le processus ,puis des phases d&rsquo;\u00e9puration profonde afin de rencontrer mon \u00eatre v\u00e9ritable. Une \u00e9tape importante dans ma vie car au-del\u00e0 de m&rsquo;\u00eatre r\u00e9v\u00e9l\u00e9, j&rsquo;ai eu la chance de me faire former \u00e0 l&rsquo;Epikinergy. A cette m\u00e9thode extraordinaire , riche et profond\u00e9ment humaniste. Aujourd&rsquo;hui th\u00e9rapeute en pratique, j&rsquo;ai une immense gratitude \u00e0 accompagner celles et ceux qui souhaitent eux aussi rencontrer leur \u00eatre v\u00e9ritable. Naturellement je continue \u00e0 me former, \u00e0 d\u00e9velopper ma pratique, \u00e0 me remettre en question, \u00e0 me faire accompagner et tout simplement \u00e0 \u00e9voluer . &nbsp; \u00ab\u00a0Le moment c&rsquo;est maintenant et maintenant c&rsquo;est le moment\u00a0\u00bb (Lydia Bosson)\" \/>\n<meta property=\"og:url\" content=\"https:\/\/epikinergy-chevallier.com\/index.php\/qui-suis-je\/\" \/>\n<meta property=\"og:site_name\" content=\"Epikinergy-Chevallier\" \/>\n<meta name=\"twitter:card\" content=\"summary_large_image\" \/>\n<meta name=\"twitter:label1\" content=\"Dur\u00e9e de lecture estim\u00e9e\" \/>\n\t<meta name=\"twitter:data1\" content=\"1 minute\" \/>\n<script type=\"application\/ld+json\" class=\"yoast-schema-graph\">{\"@context\":\"https:\/\/schema.org\",\"@graph\":[{\"@type\":\"WebPage\",\"@id\":\"https:\/\/epikinergy-chevallier.com\/index.php\/qui-suis-je\/\",\"url\":\"https:\/\/epikinergy-chevallier.com\/index.php\/qui-suis-je\/\",\"name\":\"Qui suis-je - Epikinergy-Chevallier\",\"isPartOf\":{\"@id\":\"https:\/\/epikinergy-chevallier.com\/#website\"},\"datePublished\":\"2024-03-26T15:46:26+00:00\",\"breadcrumb\":{\"@id\":\"https:\/\/epikinergy-chevallier.com\/index.php\/qui-suis-je\/#breadcrumb\"},\"inLanguage\":\"fr-FR\",\"potentialAction\":[{\"@type\":\"ReadAction\",\"target\":[\"https:\/\/epikinergy-chevallier.com\/index.php\/qui-suis-je\/\"]}]},{\"@type\":\"BreadcrumbList\",\"@id\":\"https:\/\/epikinergy-chevallier.com\/index.php\/qui-suis-je\/#breadcrumb\",\"itemListElement\":[{\"@type\":\"ListItem\",\"position\":1,\"name\":\"Accueil\",\"item\":\"https:\/\/epikinergy-chevallier.com\/\"},{\"@type\":\"ListItem\",\"position\":2,\"name\":\"Qui suis-je\"}]},{\"@type\":\"WebSite\",\"@id\":\"https:\/\/epikinergy-chevallier.com\/#website\",\"url\":\"https:\/\/epikinergy-chevallier.com\/\",\"name\":\"Vincent Chevallier - epikinergy - 53\",\"description\":\"\",\"publisher\":{\"@id\":\"https:\/\/epikinergy-chevallier.com\/#\/schema\/person\/bd12a16cd805b5260f2932b6185b8ca7\"},\"potentialAction\":[{\"@type\":\"SearchAction\",\"target\":{\"@type\":\"EntryPoint\",\"urlTemplate\":\"https:\/\/epikinergy-chevallier.com\/?s={search_term_string}\"},\"query-input\":{\"@type\":\"PropertyValueSpecification\",\"valueRequired\":true,\"valueName\":\"search_term_string\"}}],\"inLanguage\":\"fr-FR\"},{\"@type\":[\"Person\",\"Organization\"],\"@id\":\"https:\/\/epikinergy-chevallier.com\/#\/schema\/person\/bd12a16cd805b5260f2932b6185b8ca7\",\"name\":\"admin8304\",\"image\":{\"@type\":\"ImageObject\",\"inLanguage\":\"fr-FR\",\"@id\":\"https:\/\/epikinergy-chevallier.com\/#\/schema\/person\/image\/\",\"url\":\"https:\/\/secure.gravatar.com\/avatar\/e289304c358fcf2e7bd45f21a4ffb39f2713608a30187c0d6d734f91a8bfe1eb?s=96&d=mm&r=g\",\"contentUrl\":\"https:\/\/secure.gravatar.com\/avatar\/e289304c358fcf2e7bd45f21a4ffb39f2713608a30187c0d6d734f91a8bfe1eb?s=96&d=mm&r=g\",\"caption\":\"admin8304\"},\"logo\":{\"@id\":\"https:\/\/epikinergy-chevallier.com\/#\/schema\/person\/image\/\"}}]}<\/script>\n<!-- \/ Yoast SEO plugin. -->","yoast_head_json":{"title":"Qui suis-je - Epikinergy-Chevallier","robots":{"index":"index","follow":"follow","max-snippet":"max-snippet:-1","max-image-preview":"max-image-preview:large","max-video-preview":"max-video-preview:-1"},"canonical":"https:\/\/epikinergy-chevallier.com\/index.php\/qui-suis-je\/","og_locale":"fr_FR","og_type":"article","og_title":"Qui suis-je - Epikinergy-Chevallier","og_description":"Vincent Chevallier Praticien en Epikinergy \/R\u00e9\u00e9quilibrage des lieux\/Magn\u00e9tiseur De nature curieuse , l&rsquo;humain, son environnement ,ce qu&rsquo;il le compose, le d\u00e9finit et l&rsquo;anime m&rsquo;ont toujours passionn\u00e9 . Il y a une dizaine d&rsquo;ann\u00e9es il m&rsquo;est appar\u00fbt essentiel dans mon cheminement d&rsquo;entamer un travail de d\u00e9veloppement personnel, un travail de fond, un travail profond. Bien s\u00fbr ce chemin s&rsquo;est fait aux c\u00f4t\u00e9s de Bruno Rouan (Cr\u00e9ateur de l&rsquo;EPIKINERGY). Non seulement j&rsquo;ai rencontr\u00e9 cet homme mais aussi la m\u00e9thode , son proc\u00e9d\u00e9, le processus ,puis des phases d&rsquo;\u00e9puration profonde afin de rencontrer mon \u00eatre v\u00e9ritable. Une \u00e9tape importante dans ma vie car au-del\u00e0 de m&rsquo;\u00eatre r\u00e9v\u00e9l\u00e9, j&rsquo;ai eu la chance de me faire former \u00e0 l&rsquo;Epikinergy. A cette m\u00e9thode extraordinaire , riche et profond\u00e9ment humaniste. Aujourd&rsquo;hui th\u00e9rapeute en pratique, j&rsquo;ai une immense gratitude \u00e0 accompagner celles et ceux qui souhaitent eux aussi rencontrer leur \u00eatre v\u00e9ritable. Naturellement je continue \u00e0 me former, \u00e0 d\u00e9velopper ma pratique, \u00e0 me remettre en question, \u00e0 me faire accompagner et tout simplement \u00e0 \u00e9voluer . &nbsp; \u00ab\u00a0Le moment c&rsquo;est maintenant et maintenant c&rsquo;est le moment\u00a0\u00bb (Lydia Bosson)","og_url":"https:\/\/epikinergy-chevallier.com\/index.php\/qui-suis-je\/","og_site_name":"Epikinergy-Chevallier","twitter_card":"summary_large_image","twitter_misc":{"Dur\u00e9e de lecture estim\u00e9e":"1 minute"},"schema":{"@context":"https:\/\/schema.org","@graph":[{"@type":"WebPage","@id":"https:\/\/epikinergy-chevallier.com\/index.php\/qui-suis-je\/","url":"https:\/\/epikinergy-chevallier.com\/index.php\/qui-suis-je\/","name":"Qui suis-je - Epikinergy-Chevallier","isPartOf":{"@id":"https:\/\/epikinergy-chevallier.com\/#website"},"datePublished":"2024-03-26T15:46:26+00:00","breadcrumb":{"@id":"https:\/\/epikinergy-chevallier.com\/index.php\/qui-suis-je\/#breadcrumb"},"inLanguage":"fr-FR","potentialAction":[{"@type":"ReadAction","target":["https:\/\/epikinergy-chevallier.com\/index.php\/qui-suis-je\/"]}]},{"@type":"BreadcrumbList","@id":"https:\/\/epikinergy-chevallier.com\/index.php\/qui-suis-je\/#breadcrumb","itemListElement":[{"@type":"ListItem","position":1,"name":"Accueil","item":"https:\/\/epikinergy-chevallier.com\/"},{"@type":"ListItem","position":2,"name":"Qui suis-je"}]},{"@type":"WebSite","@id":"https:\/\/epikinergy-chevallier.com\/#website","url":"https:\/\/epikinergy-chevallier.com\/","name":"Vincent Chevallier - epikinergy - 53","description":"","publisher":{"@id":"https:\/\/epikinergy-chevallier.com\/#\/schema\/person\/bd12a16cd805b5260f2932b6185b8ca7"},"potentialAction":[{"@type":"SearchAction","target":{"@type":"EntryPoint","urlTemplate":"https:\/\/epikinergy-chevallier.com\/?s={search_term_string}"},"query-input":{"@type":"PropertyValueSpecification","valueRequired":true,"valueName":"search_term_string"}}],"inLanguage":"fr-FR"},{"@type":["Person","Organization"],"@id":"https:\/\/epikinergy-chevallier.com\/#\/schema\/person\/bd12a16cd805b5260f2932b6185b8ca7","name":"admin8304","image":{"@type":"ImageObject","inLanguage":"fr-FR","@id":"https:\/\/epikinergy-chevallier.com\/#\/schema\/person\/image\/","url":"https:\/\/secure.gravatar.com\/avatar\/e289304c358fcf2e7bd45f21a4ffb39f2713608a30187c0d6d734f91a8bfe1eb?s=96&d=mm&r=g","contentUrl":"https:\/\/secure.gravatar.com\/avatar\/e289304c358fcf2e7bd45f21a4ffb39f2713608a30187c0d6d734f91a8bfe1eb?s=96&d=mm&r=g","caption":"admin8304"},"logo":{"@id":"https:\/\/epikinergy-chevallier.com\/#\/schema\/person\/image\/"}}]}},"_links":{"self":[{"href":"https:\/\/epikinergy-chevallier.com\/index.php\/wp-json\/wp\/v2\/pages\/243","targetHints":{"allow":["GET"]}}],"collection":[{"href":"https:\/\/epikinergy-chevallier.com\/index.php\/wp-json\/wp\/v2\/pages"}],"about":[{"href":"https:\/\/epikinergy-chevallier.com\/index.php\/wp-json\/wp\/v2\/types\/page"}],"author":[{"embeddable":true,"href":"https:\/\/epikinergy-chevallier.com\/index.php\/wp-json\/wp\/v2\/users\/1"}],"replies":[{"embeddable":true,"href":"https:\/\/epikinergy-chevallier.com\/index.php\/wp-json\/wp\/v2\/comments?post=243"}],"version-history":[{"count":5,"href":"https:\/\/epikinergy-chevallier.com\/index.php\/wp-json\/wp\/v2\/pages\/243\/revisions"}],"predecessor-version":[{"id":310,"href":"https:\/\/epikinergy-chevallier.com\/index.php\/wp-json\/wp\/v2\/pages\/243\/revisions\/310"}],"wp:attachment":[{"href":"https:\/\/epikinergy-chevallier.com\/index.php\/wp-json\/wp\/v2\/media?parent=243"}],"curies":[{"name":"wp","href":"https:\/\/api.w.org\/{rel}","templated":true}]}}