{"id":159,"date":"2020-09-01T16:26:44","date_gmt":"2020-09-01T14:26:44","guid":{"rendered":"http:\/\/epikinergy-chevallier.com\/?page_id=159"},"modified":"2024-03-25T19:26:55","modified_gmt":"2024-03-25T18:26:55","slug":"deroulement-dune-seance-et-tarifs","status":"publish","type":"page","link":"https:\/\/epikinergy-chevallier.com\/index.php\/deroulement-dune-seance-et-tarifs\/","title":{"rendered":"S\u00e9ance et tarifs"},"content":{"rendered":"\r\n<h3 class=\"wp-block-heading\"><strong><img loading=\"lazy\" decoding=\"async\" class=\"alignleft wp-image-225\" src=\"http:\/\/epikinergy-chevallier.com\/wp-content\/uploads\/2020\/10\/20201021_150913-1024x768.jpg\" alt=\"\" width=\"400\" height=\"300\" srcset=\"https:\/\/epikinergy-chevallier.com\/wp-content\/uploads\/2020\/10\/20201021_150913-1024x768.jpg 1024w, https:\/\/epikinergy-chevallier.com\/wp-content\/uploads\/2020\/10\/20201021_150913-300x225.jpg 300w, https:\/\/epikinergy-chevallier.com\/wp-content\/uploads\/2020\/10\/20201021_150913-768x576.jpg 768w, https:\/\/epikinergy-chevallier.com\/wp-content\/uploads\/2020\/10\/20201021_150913-1536x1152.jpg 1536w, https:\/\/epikinergy-chevallier.com\/wp-content\/uploads\/2020\/10\/20201021_150913-2048x1536.jpg 2048w, https:\/\/epikinergy-chevallier.com\/wp-content\/uploads\/2020\/10\/20201021_150913-1140x855.jpg 1140w\" sizes=\"auto, (max-width: 400px) 100vw, 400px\" \/>Comment <\/strong>s<strong>e d\u00e9roule une s\u00e9ance\u00a0?<\/strong><\/h3>\r\n\r\n\r\n\r\n<p>Une s\u00e9ance dure en moyenne entre 1h30 et 2 h , les s\u00e9ances de suivi de 1h \u00e0 1h 30. Le d\u00e9roulement des s\u00e9ances commencent par un temps d\u2019\u00e9change et d&rsquo;\u00e9coute commun\u00e9ment appel\u00e9e anamn\u00e8se. Cette phase essentielle permettra de d\u00e9finir un ou plusieurs objectifs.<\/p>\r\n\r\n\r\n\r\n<p>Lors de cette premi\u00e8re s\u00e9ance il vous est demand\u00e9, si possible, un arbre g\u00e9n\u00e9alogique ce qui permet une meilleure compr\u00e9hension de votre position dans le clan familial. Ceci me permettra de mieux vous conna\u00eetre , d&rsquo;identifier et de cibler les raisons de votre venue.<\/p>\r\n\r\n\r\n\r\n<p>Ensuite, la pratique se d\u00e9roule allong\u00e9e sur la table de massage. Cette pratique est principalement rythm\u00e9e par le test musculaire, il permet de rechercher des blocages, des m\u00e9moires ancestrales, des \u00e9motions, des h\u00e9ritages trans-g\u00e9n\u00e9rationnels, des sabotages ou encore des croyances limitantes qui n\u2019ont plus lieu d\u2019\u00eatre dans votre \u00eatre.<\/p>\r\n\r\n\r\n\r\n<p>Une fois que ces influences n\u00e9gatives ont \u00e9t\u00e9 trouv\u00e9es, un protocole va donc permettre la lib\u00e9ration de celles-ci, tant sur le plan physique que sur le plan mental. Cette lib\u00e9ration laisse place \u00e0 une meilleure circulation de l\u2019\u00e9nergie en vous.<\/p>\r\n\r\n\r\n\r\n<p>&nbsp;<\/p>\r\n\r\n\r\n\r\n<p>PENSEZ A BIEN VOUS HYDRATER AVANT CHAQUE S\u00c9ANCE<\/p>\r\n\r\n\r\n\r\n<p>\u200b<strong>Les soins \u00e9nerg\u00e9tiques ne sont pas des actes m\u00e9dicaux et ne pr\u00e9tendent pas gu\u00e9rir. Il s\u2019agit d\u2019une th\u00e9rapie compl\u00e9mentaire qui ne se substitue pas \u00e0 un traitement m\u00e9dical ou un avis m\u00e9dical.<\/strong><\/p>\r\n\r\n\r\n\r\n<p>&nbsp;<\/p>\r\n\r\n\r\n\r\n<h3 class=\"wp-block-heading\"><strong>TARIFS<\/strong><\/h3>\r\n\r\n\r\n\r\n<ul class=\"wp-block-list\">\r\n<li><strong>EPIKINERGY :<\/strong> 70<strong> euros<\/strong><\/li>\r\n<\/ul>\r\n\r\n\r\n\r\n<ul class=\"wp-block-list\">\r\n<li><strong>SOIN MAGNETISME : 50 euros <\/strong><\/li>\r\n<li><strong>SOIN COMPLEMENTAIRE<\/strong> <strong>MAGNETISME :<\/strong> <strong>30 euros<\/strong><strong><strong>\r\n\r\n<\/strong><\/strong>( dur\u00e9e : environ 30 minutes )<\/li>\r\n<\/ul>\r\n\r\n\r\n\r\n<div class=\"wp-block-group\">\r\n<div class=\"wp-block-group__inner-container is-layout-flow wp-block-group-is-layout-flow\"><\/div>\r\n<\/div>\r\n\r\n\r\n\r\n<p>&nbsp;<\/p>\r\n\r\n\r\n\r\n<p><strong>Paiement Ch\u00e8ques ou Esp\u00e8ces<\/strong><\/p>\r\n","protected":false},"excerpt":{"rendered":"<p>Comment se d\u00e9roule une s\u00e9ance\u00a0? Une s\u00e9ance dure en moyenne entre 1h30 et 2 h , les s\u00e9ances de suivi de 1h \u00e0 1h 30. Le d\u00e9roulement des s\u00e9ances commencent par un temps d\u2019\u00e9change et d&rsquo;\u00e9coute commun\u00e9ment appel\u00e9e anamn\u00e8se. Cette phase essentielle permettra de d\u00e9finir un ou plusieurs objectifs. Lors de cette premi\u00e8re s\u00e9ance il vous est demand\u00e9, si possible, un arbre g\u00e9n\u00e9alogique ce qui permet une meilleure compr\u00e9hension de votre position dans le clan familial. Ceci me permettra de mieux vous conna\u00eetre , d&rsquo;identifier et de cibler les raisons de votre venue. Ensuite, la pratique se d\u00e9roule allong\u00e9e sur la table de massage. Cette pratique est principalement rythm\u00e9e par le test musculaire, il permet de rechercher des blocages, des m\u00e9moires ancestrales, des \u00e9motions, des h\u00e9ritages trans-g\u00e9n\u00e9rationnels, des sabotages ou encore des croyances limitantes qui n\u2019ont plus lieu d\u2019\u00eatre dans votre \u00eatre. Une fois que ces influences n\u00e9gatives ont \u00e9t\u00e9 trouv\u00e9es, un protocole va donc permettre la lib\u00e9ration de celles-ci, tant sur le plan physique que sur le plan mental. Cette lib\u00e9ration laisse place \u00e0 une meilleure circulation de l\u2019\u00e9nergie en vous. &nbsp; PENSEZ A BIEN VOUS HYDRATER AVANT CHAQUE S\u00c9ANCE \u200bLes soins \u00e9nerg\u00e9tiques ne sont pas des actes m\u00e9dicaux et ne pr\u00e9tendent pas gu\u00e9rir. Il s\u2019agit d\u2019une th\u00e9rapie compl\u00e9mentaire qui ne se substitue pas \u00e0 un traitement m\u00e9dical ou un avis m\u00e9dical. &nbsp; TARIFS EPIKINERGY : 70 euros SOIN MAGNETISME : 50 euros SOIN COMPLEMENTAIRE MAGNETISME : 30 euros ( dur\u00e9e : environ 30 minutes ) &nbsp; Paiement Ch\u00e8ques ou Esp\u00e8ces<\/p>\n","protected":false},"author":1,"featured_media":0,"parent":0,"menu_order":0,"comment_status":"closed","ping_status":"closed","template":"","meta":{"_monsterinsights_skip_tracking":false,"_monsterinsights_sitenote_active":false,"_monsterinsights_sitenote_note":"","_monsterinsights_sitenote_category":0,"footnotes":""},"class_list":["post-159","page","type-page","status-publish","hentry"],"yoast_head":"<!-- This site is optimized with the Yoast SEO plugin v24.9 - https:\/\/yoast.com\/wordpress\/plugins\/seo\/ -->\n<title>S\u00e9ance et tarifs - Epikinergy-Chevallier<\/title>\n<meta name=\"robots\" content=\"index, follow, max-snippet:-1, max-image-preview:large, max-video-preview:-1\" \/>\n<link rel=\"canonical\" href=\"https:\/\/epikinergy-chevallier.com\/index.php\/deroulement-dune-seance-et-tarifs\/\" \/>\n<meta property=\"og:locale\" content=\"fr_FR\" \/>\n<meta property=\"og:type\" content=\"article\" \/>\n<meta property=\"og:title\" content=\"S\u00e9ance et tarifs - Epikinergy-Chevallier\" \/>\n<meta property=\"og:description\" content=\"Comment se d\u00e9roule une s\u00e9ance\u00a0? Une s\u00e9ance dure en moyenne entre 1h30 et 2 h , les s\u00e9ances de suivi de 1h \u00e0 1h 30. Le d\u00e9roulement des s\u00e9ances commencent par un temps d\u2019\u00e9change et d&rsquo;\u00e9coute commun\u00e9ment appel\u00e9e anamn\u00e8se. Cette phase essentielle permettra de d\u00e9finir un ou plusieurs objectifs. Lors de cette premi\u00e8re s\u00e9ance il vous est demand\u00e9, si possible, un arbre g\u00e9n\u00e9alogique ce qui permet une meilleure compr\u00e9hension de votre position dans le clan familial. Ceci me permettra de mieux vous conna\u00eetre , d&rsquo;identifier et de cibler les raisons de votre venue. Ensuite, la pratique se d\u00e9roule allong\u00e9e sur la table de massage. Cette pratique est principalement rythm\u00e9e par le test musculaire, il permet de rechercher des blocages, des m\u00e9moires ancestrales, des \u00e9motions, des h\u00e9ritages trans-g\u00e9n\u00e9rationnels, des sabotages ou encore des croyances limitantes qui n\u2019ont plus lieu d\u2019\u00eatre dans votre \u00eatre. Une fois que ces influences n\u00e9gatives ont \u00e9t\u00e9 trouv\u00e9es, un protocole va donc permettre la lib\u00e9ration de celles-ci, tant sur le plan physique que sur le plan mental. Cette lib\u00e9ration laisse place \u00e0 une meilleure circulation de l\u2019\u00e9nergie en vous. &nbsp; PENSEZ A BIEN VOUS HYDRATER AVANT CHAQUE S\u00c9ANCE \u200bLes soins \u00e9nerg\u00e9tiques ne sont pas des actes m\u00e9dicaux et ne pr\u00e9tendent pas gu\u00e9rir. Il s\u2019agit d\u2019une th\u00e9rapie compl\u00e9mentaire qui ne se substitue pas \u00e0 un traitement m\u00e9dical ou un avis m\u00e9dical. &nbsp; TARIFS EPIKINERGY : 70 euros SOIN MAGNETISME : 50 euros SOIN COMPLEMENTAIRE MAGNETISME : 30 euros ( dur\u00e9e : environ 30 minutes ) &nbsp; Paiement Ch\u00e8ques ou Esp\u00e8ces\" \/>\n<meta property=\"og:url\" content=\"https:\/\/epikinergy-chevallier.com\/index.php\/deroulement-dune-seance-et-tarifs\/\" \/>\n<meta property=\"og:site_name\" content=\"Epikinergy-Chevallier\" \/>\n<meta property=\"article:modified_time\" content=\"2024-03-25T18:26:55+00:00\" \/>\n<meta property=\"og:image\" content=\"http:\/\/epikinergy-chevallier.com\/wp-content\/uploads\/2020\/10\/20201021_150913-1024x768.jpg\" \/>\n<meta name=\"twitter:card\" content=\"summary_large_image\" \/>\n<meta name=\"twitter:label1\" content=\"Dur\u00e9e de lecture estim\u00e9e\" \/>\n\t<meta name=\"twitter:data1\" content=\"2 minutes\" \/>\n<script type=\"application\/ld+json\" class=\"yoast-schema-graph\">{\"@context\":\"https:\/\/schema.org\",\"@graph\":[{\"@type\":\"WebPage\",\"@id\":\"https:\/\/epikinergy-chevallier.com\/index.php\/deroulement-dune-seance-et-tarifs\/\",\"url\":\"https:\/\/epikinergy-chevallier.com\/index.php\/deroulement-dune-seance-et-tarifs\/\",\"name\":\"S\u00e9ance et tarifs - Epikinergy-Chevallier\",\"isPartOf\":{\"@id\":\"https:\/\/epikinergy-chevallier.com\/#website\"},\"primaryImageOfPage\":{\"@id\":\"https:\/\/epikinergy-chevallier.com\/index.php\/deroulement-dune-seance-et-tarifs\/#primaryimage\"},\"image\":{\"@id\":\"https:\/\/epikinergy-chevallier.com\/index.php\/deroulement-dune-seance-et-tarifs\/#primaryimage\"},\"thumbnailUrl\":\"http:\/\/epikinergy-chevallier.com\/wp-content\/uploads\/2020\/10\/20201021_150913-1024x768.jpg\",\"datePublished\":\"2020-09-01T14:26:44+00:00\",\"dateModified\":\"2024-03-25T18:26:55+00:00\",\"breadcrumb\":{\"@id\":\"https:\/\/epikinergy-chevallier.com\/index.php\/deroulement-dune-seance-et-tarifs\/#breadcrumb\"},\"inLanguage\":\"fr-FR\",\"potentialAction\":[{\"@type\":\"ReadAction\",\"target\":[\"https:\/\/epikinergy-chevallier.com\/index.php\/deroulement-dune-seance-et-tarifs\/\"]}]},{\"@type\":\"ImageObject\",\"inLanguage\":\"fr-FR\",\"@id\":\"https:\/\/epikinergy-chevallier.com\/index.php\/deroulement-dune-seance-et-tarifs\/#primaryimage\",\"url\":\"http:\/\/epikinergy-chevallier.com\/wp-content\/uploads\/2020\/10\/20201021_150913-1024x768.jpg\",\"contentUrl\":\"http:\/\/epikinergy-chevallier.com\/wp-content\/uploads\/2020\/10\/20201021_150913-1024x768.jpg\"},{\"@type\":\"BreadcrumbList\",\"@id\":\"https:\/\/epikinergy-chevallier.com\/index.php\/deroulement-dune-seance-et-tarifs\/#breadcrumb\",\"itemListElement\":[{\"@type\":\"ListItem\",\"position\":1,\"name\":\"Accueil\",\"item\":\"https:\/\/epikinergy-chevallier.com\/\"},{\"@type\":\"ListItem\",\"position\":2,\"name\":\"S\u00e9ance et tarifs\"}]},{\"@type\":\"WebSite\",\"@id\":\"https:\/\/epikinergy-chevallier.com\/#website\",\"url\":\"https:\/\/epikinergy-chevallier.com\/\",\"name\":\"Vincent Chevallier - epikinergy - 53\",\"description\":\"\",\"publisher\":{\"@id\":\"https:\/\/epikinergy-chevallier.com\/#\/schema\/person\/bd12a16cd805b5260f2932b6185b8ca7\"},\"potentialAction\":[{\"@type\":\"SearchAction\",\"target\":{\"@type\":\"EntryPoint\",\"urlTemplate\":\"https:\/\/epikinergy-chevallier.com\/?s={search_term_string}\"},\"query-input\":{\"@type\":\"PropertyValueSpecification\",\"valueRequired\":true,\"valueName\":\"search_term_string\"}}],\"inLanguage\":\"fr-FR\"},{\"@type\":[\"Person\",\"Organization\"],\"@id\":\"https:\/\/epikinergy-chevallier.com\/#\/schema\/person\/bd12a16cd805b5260f2932b6185b8ca7\",\"name\":\"admin8304\",\"image\":{\"@type\":\"ImageObject\",\"inLanguage\":\"fr-FR\",\"@id\":\"https:\/\/epikinergy-chevallier.com\/#\/schema\/person\/image\/\",\"url\":\"https:\/\/secure.gravatar.com\/avatar\/e289304c358fcf2e7bd45f21a4ffb39f2713608a30187c0d6d734f91a8bfe1eb?s=96&d=mm&r=g\",\"contentUrl\":\"https:\/\/secure.gravatar.com\/avatar\/e289304c358fcf2e7bd45f21a4ffb39f2713608a30187c0d6d734f91a8bfe1eb?s=96&d=mm&r=g\",\"caption\":\"admin8304\"},\"logo\":{\"@id\":\"https:\/\/epikinergy-chevallier.com\/#\/schema\/person\/image\/\"}}]}<\/script>\n<!-- \/ Yoast SEO plugin. -->","yoast_head_json":{"title":"S\u00e9ance et tarifs - Epikinergy-Chevallier","robots":{"index":"index","follow":"follow","max-snippet":"max-snippet:-1","max-image-preview":"max-image-preview:large","max-video-preview":"max-video-preview:-1"},"canonical":"https:\/\/epikinergy-chevallier.com\/index.php\/deroulement-dune-seance-et-tarifs\/","og_locale":"fr_FR","og_type":"article","og_title":"S\u00e9ance et tarifs - Epikinergy-Chevallier","og_description":"Comment se d\u00e9roule une s\u00e9ance\u00a0? Une s\u00e9ance dure en moyenne entre 1h30 et 2 h , les s\u00e9ances de suivi de 1h \u00e0 1h 30. Le d\u00e9roulement des s\u00e9ances commencent par un temps d\u2019\u00e9change et d&rsquo;\u00e9coute commun\u00e9ment appel\u00e9e anamn\u00e8se. Cette phase essentielle permettra de d\u00e9finir un ou plusieurs objectifs. Lors de cette premi\u00e8re s\u00e9ance il vous est demand\u00e9, si possible, un arbre g\u00e9n\u00e9alogique ce qui permet une meilleure compr\u00e9hension de votre position dans le clan familial. Ceci me permettra de mieux vous conna\u00eetre , d&rsquo;identifier et de cibler les raisons de votre venue. Ensuite, la pratique se d\u00e9roule allong\u00e9e sur la table de massage. Cette pratique est principalement rythm\u00e9e par le test musculaire, il permet de rechercher des blocages, des m\u00e9moires ancestrales, des \u00e9motions, des h\u00e9ritages trans-g\u00e9n\u00e9rationnels, des sabotages ou encore des croyances limitantes qui n\u2019ont plus lieu d\u2019\u00eatre dans votre \u00eatre. Une fois que ces influences n\u00e9gatives ont \u00e9t\u00e9 trouv\u00e9es, un protocole va donc permettre la lib\u00e9ration de celles-ci, tant sur le plan physique que sur le plan mental. Cette lib\u00e9ration laisse place \u00e0 une meilleure circulation de l\u2019\u00e9nergie en vous. &nbsp; PENSEZ A BIEN VOUS HYDRATER AVANT CHAQUE S\u00c9ANCE \u200bLes soins \u00e9nerg\u00e9tiques ne sont pas des actes m\u00e9dicaux et ne pr\u00e9tendent pas gu\u00e9rir. Il s\u2019agit d\u2019une th\u00e9rapie compl\u00e9mentaire qui ne se substitue pas \u00e0 un traitement m\u00e9dical ou un avis m\u00e9dical. &nbsp; TARIFS EPIKINERGY : 70 euros SOIN MAGNETISME : 50 euros SOIN COMPLEMENTAIRE MAGNETISME : 30 euros ( dur\u00e9e : environ 30 minutes ) &nbsp; Paiement Ch\u00e8ques ou Esp\u00e8ces","og_url":"https:\/\/epikinergy-chevallier.com\/index.php\/deroulement-dune-seance-et-tarifs\/","og_site_name":"Epikinergy-Chevallier","article_modified_time":"2024-03-25T18:26:55+00:00","og_image":[{"url":"http:\/\/epikinergy-chevallier.com\/wp-content\/uploads\/2020\/10\/20201021_150913-1024x768.jpg","type":"","width":"","height":""}],"twitter_card":"summary_large_image","twitter_misc":{"Dur\u00e9e de lecture estim\u00e9e":"2 minutes"},"schema":{"@context":"https:\/\/schema.org","@graph":[{"@type":"WebPage","@id":"https:\/\/epikinergy-chevallier.com\/index.php\/deroulement-dune-seance-et-tarifs\/","url":"https:\/\/epikinergy-chevallier.com\/index.php\/deroulement-dune-seance-et-tarifs\/","name":"S\u00e9ance et tarifs - Epikinergy-Chevallier","isPartOf":{"@id":"https:\/\/epikinergy-chevallier.com\/#website"},"primaryImageOfPage":{"@id":"https:\/\/epikinergy-chevallier.com\/index.php\/deroulement-dune-seance-et-tarifs\/#primaryimage"},"image":{"@id":"https:\/\/epikinergy-chevallier.com\/index.php\/deroulement-dune-seance-et-tarifs\/#primaryimage"},"thumbnailUrl":"http:\/\/epikinergy-chevallier.com\/wp-content\/uploads\/2020\/10\/20201021_150913-1024x768.jpg","datePublished":"2020-09-01T14:26:44+00:00","dateModified":"2024-03-25T18:26:55+00:00","breadcrumb":{"@id":"https:\/\/epikinergy-chevallier.com\/index.php\/deroulement-dune-seance-et-tarifs\/#breadcrumb"},"inLanguage":"fr-FR","potentialAction":[{"@type":"ReadAction","target":["https:\/\/epikinergy-chevallier.com\/index.php\/deroulement-dune-seance-et-tarifs\/"]}]},{"@type":"ImageObject","inLanguage":"fr-FR","@id":"https:\/\/epikinergy-chevallier.com\/index.php\/deroulement-dune-seance-et-tarifs\/#primaryimage","url":"http:\/\/epikinergy-chevallier.com\/wp-content\/uploads\/2020\/10\/20201021_150913-1024x768.jpg","contentUrl":"http:\/\/epikinergy-chevallier.com\/wp-content\/uploads\/2020\/10\/20201021_150913-1024x768.jpg"},{"@type":"BreadcrumbList","@id":"https:\/\/epikinergy-chevallier.com\/index.php\/deroulement-dune-seance-et-tarifs\/#breadcrumb","itemListElement":[{"@type":"ListItem","position":1,"name":"Accueil","item":"https:\/\/epikinergy-chevallier.com\/"},{"@type":"ListItem","position":2,"name":"S\u00e9ance et tarifs"}]},{"@type":"WebSite","@id":"https:\/\/epikinergy-chevallier.com\/#website","url":"https:\/\/epikinergy-chevallier.com\/","name":"Vincent Chevallier - epikinergy - 53","description":"","publisher":{"@id":"https:\/\/epikinergy-chevallier.com\/#\/schema\/person\/bd12a16cd805b5260f2932b6185b8ca7"},"potentialAction":[{"@type":"SearchAction","target":{"@type":"EntryPoint","urlTemplate":"https:\/\/epikinergy-chevallier.com\/?s={search_term_string}"},"query-input":{"@type":"PropertyValueSpecification","valueRequired":true,"valueName":"search_term_string"}}],"inLanguage":"fr-FR"},{"@type":["Person","Organization"],"@id":"https:\/\/epikinergy-chevallier.com\/#\/schema\/person\/bd12a16cd805b5260f2932b6185b8ca7","name":"admin8304","image":{"@type":"ImageObject","inLanguage":"fr-FR","@id":"https:\/\/epikinergy-chevallier.com\/#\/schema\/person\/image\/","url":"https:\/\/secure.gravatar.com\/avatar\/e289304c358fcf2e7bd45f21a4ffb39f2713608a30187c0d6d734f91a8bfe1eb?s=96&d=mm&r=g","contentUrl":"https:\/\/secure.gravatar.com\/avatar\/e289304c358fcf2e7bd45f21a4ffb39f2713608a30187c0d6d734f91a8bfe1eb?s=96&d=mm&r=g","caption":"admin8304"},"logo":{"@id":"https:\/\/epikinergy-chevallier.com\/#\/schema\/person\/image\/"}}]}},"_links":{"self":[{"href":"https:\/\/epikinergy-chevallier.com\/index.php\/wp-json\/wp\/v2\/pages\/159","targetHints":{"allow":["GET"]}}],"collection":[{"href":"https:\/\/epikinergy-chevallier.com\/index.php\/wp-json\/wp\/v2\/pages"}],"about":[{"href":"https:\/\/epikinergy-chevallier.com\/index.php\/wp-json\/wp\/v2\/types\/page"}],"author":[{"embeddable":true,"href":"https:\/\/epikinergy-chevallier.com\/index.php\/wp-json\/wp\/v2\/users\/1"}],"replies":[{"embeddable":true,"href":"https:\/\/epikinergy-chevallier.com\/index.php\/wp-json\/wp\/v2\/comments?post=159"}],"version-history":[{"count":10,"href":"https:\/\/epikinergy-chevallier.com\/index.php\/wp-json\/wp\/v2\/pages\/159\/revisions"}],"predecessor-version":[{"id":253,"href":"https:\/\/epikinergy-chevallier.com\/index.php\/wp-json\/wp\/v2\/pages\/159\/revisions\/253"}],"wp:attachment":[{"href":"https:\/\/epikinergy-chevallier.com\/index.php\/wp-json\/wp\/v2\/media?parent=159"}],"curies":[{"name":"wp","href":"https:\/\/api.w.org\/{rel}","templated":true}]}}